
{"id":2680,"date":"2022-11-23T10:52:12","date_gmt":"2022-11-23T10:52:12","guid":{"rendered":"https:\/\/elmiracle.cat\/?page_id=2680"},"modified":"2022-11-23T10:52:15","modified_gmt":"2022-11-23T10:52:15","slug":"politica-de-cookies","status":"publish","type":"page","link":"https:\/\/elmiracle.cat\/es\/politica-de-cookies\/","title":{"rendered":"POL\u00cdTICA DE COOKIES"},"content":{"rendered":"\n<div style=\"height:100px\" aria-hidden=\"true\" class=\"wp-block-spacer\"><\/div>\n\n\n\n<div class=\"wp-container-3 wp-block-columns col-1-2\">\n<div class=\"wp-container-1 wp-block-column paragraf-1-2\" style=\"flex-basis:33.33%\"><\/div>\n\n\n\n<div class=\"wp-container-2 wp-block-column\" style=\"flex-basis:66.66%\">\n<p><strong>\u00bfQU\u00c9 SON LAS COOKIES?<\/strong><\/p>\n\n\n\n<p>Las cookies son peque\u00f1os archivos de texto que se utilizan para almacenar peque\u00f1os datos. Se almacenan en el dispositivo cuando se carga el sitio web en el navegador. Estas cookies nos ayudan a que el sitio web funcione correctamente, a hacerlo m\u00e1s seguro, a proporcionar una mejor experiencia de usuario ya entender el funcionamiento del sitio web y analizar qu\u00e9 funciona y d\u00f3nde necesita una mejora.<\/p>\n\n\n\n<p><\/p>\n\n\n\n<p><strong>\u00bfC\u00d3MO USAMOS LAS COOKIES?<\/strong><\/p>\n\n\n\n<p>Como la mayor\u00eda de los servicios online, nuestro sitio web utiliza cookies propias y de terceros para diversos prop\u00f3sitos. Las cookies propias son b\u00e1sicamente necesarias para que el sitio web funcione correctamente y no recopilan ninguno de sus datos de identificaci\u00f3n personal.<\/p>\n\n\n\n<p>Las cookies de terceros que se utilizan en nuestro sitio web sirven principalmente para entender el funcionamiento del sitio web, como interact\u00faa con nuestro sitio web, mantener seguros nuestros servicios, proporcionar anuncios relevantes para usted y, en definitiva, proporcionarle un usuario mejor y mejor experimentar y ayudarle a acelerar sus futuras interacciones con nuestro sitio web.<\/p>\n\n\n\n<p><\/p>\n\n\n\n<p><strong>\u00bfQU\u00c9 TIPO DE COOKIES USAMOS?<\/strong><\/p>\n\n\n\n<ul><li>Imprescindible: algunas cookies son esenciales para que pueda experimentar la plena funcionalidad de nuestro sitio. Nos permiten mantener sesiones de usuarios y prevenir amenazas de seguridad. No recopilan ni almacenan informaci\u00f3n personal alguna. Por ejemplo, estas cookies le permiten iniciar la sesi\u00f3n en su cuenta y a\u00f1adir productos a la cesta y hacer la compra de forma segura.<\/li><li>Estad\u00edsticas: estas cookies almacenan informaci\u00f3n como el n\u00famero de visitantes del sitio web, el n\u00famero de visitantes \u00fanicos, qu\u00e9 p\u00e1ginas del sitio web se han visitado, la fuente de la visita, etc. act\u00faa y d\u00f3nde necesita una mejora.<\/li><li>Marketing: nuestro sitio web muestra anuncios. Estas cookies se utilizan para personalizar los anuncios que le mostramos de forma que sean significativos para usted. Estas cookies tambi\u00e9n nos ayudan a realizar un seguimiento de la eficiencia de estas campa\u00f1as publicitarias.<\/li><li>La informaci\u00f3n almacenada en estas cookies tambi\u00e9n la pueden utilizar terceros proveedores de anuncios para mostrarle anuncios en otros sitios web del navegador.<\/li><li>Funcionales: son las cookies que ayudan a determinadas funcionalidades no esenciales de nuestro sitio web. Estas funcionalidades incluyen incrustar contenido como v\u00eddeos o compartir contenido del sitio web en las plataformas de redes sociales.<\/li><li>Preferencias: estas cookies nos ayudan a almacenar su configuraci\u00f3n y preferencias de navegaci\u00f3n, como las preferencias de idioma, de modo que tenga una experiencia mejor y eficiente en futuras visitas al sitio web.<\/li><\/ul>\n\n\n\n<p><\/p>\n\n\n\n<p><strong>\u00bfC\u00d3MO PUEDO CONTROLAR LAS PREFERENCIAS DE COOKIES?<\/strong><\/p>\n\n\n\n<p>Si decide cambiar sus preferencias m\u00e1s adelante a trav\u00e9s de la sesi\u00f3n de navegaci\u00f3n, puede hacer clic en la pesta\u00f1a \u201cPol\u00edtica de privacidad y cookies\u201d de la pantalla. Se mostrar\u00e1 de nuevo el aviso de consentimiento que le permitir\u00e1 cambiar sus preferencias o retirarlo completamente.<\/p>\n\n\n\n<p>Adem\u00e1s, distintos navegadores proporcionan m\u00e9todos diferentes para bloquear y eliminar las cookies que utilizan los sitios web. Puede cambiar la configuraci\u00f3n de su navegador para bloquear \/ eliminar las cookies. Para obtener m\u00e1s informaci\u00f3n sobre c\u00f3mo gestionar y eliminar las cookies, visite wikipedia.org, <a href=\"http:\/\/www.allaboutcookies.org\">www.allaboutcookies.org<\/a>.<\/p>\n<\/div>\n<\/div>\n","protected":false},"excerpt":{"rendered":"<p>\u00bfQU\u00c9 SON LAS COOKIES? Las cookies son peque\u00f1os archivos de texto que se utilizan para almacenar peque\u00f1os datos. Se almacenan en el dispositivo cuando se carga el sitio web en el navegador. Estas cookies nos ayudan a que el sitio web funcione correctamente, a hacerlo m\u00e1s seguro, a proporcionar una mejor experiencia de usuario ya [&hellip;]<\/p>\n","protected":false},"author":1,"featured_media":0,"parent":0,"menu_order":0,"comment_status":"closed","ping_status":"closed","template":"corporative-page.php","meta":[],"acf":[],"yoast_head":"<!-- This site is optimized with the Yoast SEO plugin v19.8 - https:\/\/yoast.com\/wordpress\/plugins\/seo\/ -->\n<title>POL\u00cdTICA DE COOKIES - Santuari El Miracle<\/title>\n<meta name=\"robots\" content=\"index, follow, max-snippet:-1, max-image-preview:large, max-video-preview:-1\" \/>\n<link rel=\"canonical\" href=\"https:\/\/elmiracle.cat\/es\/politica-de-cookies\/\" \/>\n<meta property=\"og:locale\" content=\"es_ES\" \/>\n<meta property=\"og:type\" content=\"article\" \/>\n<meta property=\"og:title\" content=\"POL\u00cdTICA DE COOKIES - Santuari El Miracle\" \/>\n<meta property=\"og:description\" content=\"\u00bfQU\u00c9 SON LAS COOKIES? Las cookies son peque\u00f1os archivos de texto que se utilizan para almacenar peque\u00f1os datos. Se almacenan en el dispositivo cuando se carga el sitio web en el navegador. Estas cookies nos ayudan a que el sitio web funcione correctamente, a hacerlo m\u00e1s seguro, a proporcionar una mejor experiencia de usuario ya [&hellip;]\" \/>\n<meta property=\"og:url\" content=\"https:\/\/elmiracle.cat\/es\/politica-de-cookies\/\" \/>\n<meta property=\"og:site_name\" content=\"Santuari El Miracle\" \/>\n<meta property=\"article:modified_time\" content=\"2022-11-23T10:52:15+00:00\" \/>\n<meta name=\"twitter:card\" content=\"summary_large_image\" \/>\n<meta name=\"twitter:label1\" content=\"Tiempo de lectura\" \/>\n\t<meta name=\"twitter:data1\" content=\"3 minutos\" \/>\n<script type=\"application\/ld+json\" class=\"yoast-schema-graph\">{\"@context\":\"https:\/\/schema.org\",\"@graph\":[{\"@type\":\"WebPage\",\"@id\":\"https:\/\/elmiracle.cat\/es\/politica-de-cookies\/\",\"url\":\"https:\/\/elmiracle.cat\/es\/politica-de-cookies\/\",\"name\":\"POL\u00cdTICA DE COOKIES - Santuari El Miracle\",\"isPartOf\":{\"@id\":\"https:\/\/elmiracle.cat\/#website\"},\"datePublished\":\"2022-11-23T10:52:12+00:00\",\"dateModified\":\"2022-11-23T10:52:15+00:00\",\"inLanguage\":\"es\",\"potentialAction\":[{\"@type\":\"ReadAction\",\"target\":[\"https:\/\/elmiracle.cat\/es\/politica-de-cookies\/\"]}]},{\"@type\":\"WebSite\",\"@id\":\"https:\/\/elmiracle.cat\/#website\",\"url\":\"https:\/\/elmiracle.cat\/\",\"name\":\"Santuari El Miracle\",\"description\":\"Santuari El Miracle\",\"potentialAction\":[{\"@type\":\"SearchAction\",\"target\":{\"@type\":\"EntryPoint\",\"urlTemplate\":\"https:\/\/elmiracle.cat\/?s={search_term_string}\"},\"query-input\":\"required name=search_term_string\"}],\"inLanguage\":\"es\"}]}<\/script>\n<!-- \/ Yoast SEO plugin. -->","yoast_head_json":{"title":"POL\u00cdTICA DE COOKIES - Santuari El Miracle","robots":{"index":"index","follow":"follow","max-snippet":"max-snippet:-1","max-image-preview":"max-image-preview:large","max-video-preview":"max-video-preview:-1"},"canonical":"https:\/\/elmiracle.cat\/es\/politica-de-cookies\/","og_locale":"es_ES","og_type":"article","og_title":"POL\u00cdTICA DE COOKIES - Santuari El Miracle","og_description":"\u00bfQU\u00c9 SON LAS COOKIES? Las cookies son peque\u00f1os archivos de texto que se utilizan para almacenar peque\u00f1os datos. Se almacenan en el dispositivo cuando se carga el sitio web en el navegador. Estas cookies nos ayudan a que el sitio web funcione correctamente, a hacerlo m\u00e1s seguro, a proporcionar una mejor experiencia de usuario ya [&hellip;]","og_url":"https:\/\/elmiracle.cat\/es\/politica-de-cookies\/","og_site_name":"Santuari El Miracle","article_modified_time":"2022-11-23T10:52:15+00:00","twitter_card":"summary_large_image","twitter_misc":{"Tiempo de lectura":"3 minutos"},"schema":{"@context":"https:\/\/schema.org","@graph":[{"@type":"WebPage","@id":"https:\/\/elmiracle.cat\/es\/politica-de-cookies\/","url":"https:\/\/elmiracle.cat\/es\/politica-de-cookies\/","name":"POL\u00cdTICA DE COOKIES - Santuari El Miracle","isPartOf":{"@id":"https:\/\/elmiracle.cat\/#website"},"datePublished":"2022-11-23T10:52:12+00:00","dateModified":"2022-11-23T10:52:15+00:00","inLanguage":"es","potentialAction":[{"@type":"ReadAction","target":["https:\/\/elmiracle.cat\/es\/politica-de-cookies\/"]}]},{"@type":"WebSite","@id":"https:\/\/elmiracle.cat\/#website","url":"https:\/\/elmiracle.cat\/","name":"Santuari El Miracle","description":"Santuari El Miracle","potentialAction":[{"@type":"SearchAction","target":{"@type":"EntryPoint","urlTemplate":"https:\/\/elmiracle.cat\/?s={search_term_string}"},"query-input":"required name=search_term_string"}],"inLanguage":"es"}]}},"_links":{"self":[{"href":"https:\/\/elmiracle.cat\/es\/wp-json\/wp\/v2\/pages\/2680"}],"collection":[{"href":"https:\/\/elmiracle.cat\/es\/wp-json\/wp\/v2\/pages"}],"about":[{"href":"https:\/\/elmiracle.cat\/es\/wp-json\/wp\/v2\/types\/page"}],"author":[{"embeddable":true,"href":"https:\/\/elmiracle.cat\/es\/wp-json\/wp\/v2\/users\/1"}],"replies":[{"embeddable":true,"href":"https:\/\/elmiracle.cat\/es\/wp-json\/wp\/v2\/comments?post=2680"}],"version-history":[{"count":0,"href":"https:\/\/elmiracle.cat\/es\/wp-json\/wp\/v2\/pages\/2680\/revisions"}],"wp:attachment":[{"href":"https:\/\/elmiracle.cat\/es\/wp-json\/wp\/v2\/media?parent=2680"}],"curies":[{"name":"wp","href":"https:\/\/api.w.org\/{rel}","templated":true}]}}