
{"id":2675,"date":"2023-03-03T08:00:09","date_gmt":"2023-03-03T08:00:09","guid":{"rendered":"https:\/\/elmiracle.cat\/?page_id=2675"},"modified":"2023-07-31T10:10:23","modified_gmt":"2023-07-31T10:10:23","slug":"bienvenidos-al-santuario-de-el-miracle","status":"publish","type":"page","link":"https:\/\/elmiracle.cat\/es\/","title":{"rendered":"Bienvenidos al Santuario de El Miracle"},"content":{"rendered":"\n<div id=\"home1\" class=\"wp-container-6 wp-block-group home1\"><div class=\"wp-block-group__inner-container\">\n<h2 class=\"has-text-align-center\">Bienvenidos al Santuario del Miracle<\/h2>\n\n\n\n<p class=\"has-text-align-center\">Si has llegado hasta aqu\u00ed es porque tienes ganas de descubrir porqu\u00e9 el Santuario del Miracle es un lugar tan especial.<br>Aqu\u00ed encontrar\u00e1s todos los servicios para hacer de tu visita una experiencia muy especial.<br><strong>Ven al Miracle, \u00a1te estamos esperando!<\/strong><\/p>\n\n\n\n<hr class=\"wp-block-separator has-css-opacity\"\/>\n\n\n\n<div class=\"wp-container-5 wp-block-columns\">\n<div class=\"wp-container-2 wp-block-column\">\n<figure class=\"wp-block-image size-large is-resized\"><img loading=\"lazy\" src=\"https:\/\/elmiracle.cat\/wp-content\/uploads\/2020\/04\/vista-aerea_dron02-1366x767.jpg\" alt=\"\" class=\"wp-image-676\" width=\"344\" height=\"192\"\/><\/figure>\n\n\n\n<h3><a href=\"https:\/\/elmiracle.cat\/es\/alojamiento\/\">Alojamiento<\/a><\/h3>\n\n\n\n<p><strong>\u00a1Los apartamentos del Santuario del Miracle son el lugar ideal para desconectar! <\/strong>Rodeados de silencio y naturaleza, con todos los servicios necesarios para garantizar su descanso. <\/p>\n\n\n\n<div class=\"wp-container-1 wp-block-buttons\">\n<div class=\"wp-block-button\"><a class=\"wp-block-button__link\" href=\"https:\/\/elmiracle.cat\/es\/reserves-online\/\">Acceso reserva online<\/a><\/div>\n<\/div>\n<\/div>\n\n\n\n<div class=\"wp-container-3 wp-block-column\">\n<figure class=\"wp-block-image size-large\"><img loading=\"lazy\" width=\"1024\" height=\"683\" src=\"https:\/\/elmiracle.cat\/wp-content\/uploads\/2020\/04\/Restaurant_interior04-1024x683.jpg\" alt=\"\" class=\"wp-image-575\" srcset=\"https:\/\/elmiracle.cat\/wp-content\/uploads\/2020\/04\/Restaurant_interior04-1024x683.jpg 1024w, https:\/\/elmiracle.cat\/wp-content\/uploads\/2020\/04\/Restaurant_interior04-416x277.jpg 416w, https:\/\/elmiracle.cat\/wp-content\/uploads\/2020\/04\/Restaurant_interior04-300x200.jpg 300w, https:\/\/elmiracle.cat\/wp-content\/uploads\/2020\/04\/Restaurant_interior04-768x512.jpg 768w, https:\/\/elmiracle.cat\/wp-content\/uploads\/2020\/04\/Restaurant_interior04-1536x1024.jpg 1536w, https:\/\/elmiracle.cat\/wp-content\/uploads\/2020\/04\/Restaurant_interior04.jpg 1800w\" sizes=\"(max-width: 1024px) 100vw, 1024px\" \/><\/figure>\n\n\n\n<h3><a href=\"https:\/\/elmiracle.cat\/es\/restaurante\/\">Restaurante El Miracle<\/a><\/h3>\n\n\n\n<p><strong>En el antiguo albergue de peregrinos del s.XVI encontrar\u00e1 el restaurante<\/strong> <strong>del Miracle<\/strong>, con cocina catalana de temporada, y disfrutar\u00e1 de los vinos y quesos hechos a los pies del Monasterio. <\/p>\n<\/div>\n\n\n\n<div class=\"wp-container-4 wp-block-column\">\n<figure class=\"wp-block-image size-large is-resized\"><img loading=\"lazy\" src=\"https:\/\/elmiracle.cat\/wp-content\/uploads\/2020\/07\/AUDIOGUIA_Miracle_home-1024x771.jpg\" alt=\"\" class=\"wp-image-2066\" width=\"257\" height=\"193\" srcset=\"https:\/\/elmiracle.cat\/wp-content\/uploads\/2020\/07\/AUDIOGUIA_Miracle_home-1024x771.jpg 1024w, https:\/\/elmiracle.cat\/wp-content\/uploads\/2020\/07\/AUDIOGUIA_Miracle_home-300x226.jpg 300w, https:\/\/elmiracle.cat\/wp-content\/uploads\/2020\/07\/AUDIOGUIA_Miracle_home-768x578.jpg 768w, https:\/\/elmiracle.cat\/wp-content\/uploads\/2020\/07\/AUDIOGUIA_Miracle_home-416x313.jpg 416w, https:\/\/elmiracle.cat\/wp-content\/uploads\/2020\/07\/AUDIOGUIA_Miracle_home.jpg 1103w\" sizes=\"(max-width: 257px) 100vw, 257px\" \/><\/figure>\n\n\n\n<h3><a href=\"https:\/\/elmiracle.cat\/es\/que-hacer\/\">Qu\u00e9 hacer<\/a><\/h3>\n\n\n\n<p><strong>Pod\u00e9is conocer el mayor retablo barroco de Catalu\u00f1a<\/strong>,<strong> <\/strong>recorrer las rutas de senderismo de los alrededores, alquilar una bicicleta o simplemente, disfrutar del silencio y la contemplaci\u00f3n.<\/p>\n<\/div>\n<\/div>\n\n\n\n<p class=\"arrow-down\"><a href=\"#rotatori-home\">prev<\/a><\/p>\n<\/div><\/div>\n\n\n<p id=\"rotatori-home\">rotatori-home<\/p>\n\n\n<div class=\"wp-container-7 wp-block-group rotatori_destacats_home\"><div class=\"wp-block-group__inner-container\">\n\n  <div class=\"rotatiu_container\"  style=\"background-image:url(https:\/\/elmiracle.cat\/wp-content\/uploads\/2020\/04\/Santuari_Ramon-Ribera02.jpg)\">\n <div class=\"rotatori_claim_home\">\n    \n    <ul class=\"swiper-wrapper\">\n        \n      \n        \n  \n      <li class=\"swiper-slide\"> \n          <div class=\"content-slide\">\n          <figure><img src=\"https:\/\/elmiracle.cat\/wp-content\/uploads\/2020\/04\/Capella.jpg\"><\/figure>          \n                        <div class=\"detalls\">\n                  <a href=\"https:\/\/elmiracle.cat\/es\/el-santuario\/entorno\/\">                      <h3 class=\"titol\">El encanto comienza por la ma\u00f1ana<\/h3>                  <\/a>\n                  <p class=\"descripcio\">Admira la salida de sol desde la colina de San Gabriel. El silencio, los olores y la luz te acompa\u00f1ar\u00e1n a lo largo del d\u00eda.<\/p>              <\/div>\n                        <\/div>\n        <\/li>\n\n  \n      <li class=\"swiper-slide\"> \n          <div class=\"content-slide\">\n          <figure><img src=\"https:\/\/elmiracle.cat\/wp-content\/uploads\/2020\/07\/Esmorzar-forquilla.jpg\"><\/figure>          \n                        <div class=\"detalls\">\n                  <a href=\"https:\/\/elmiracle.cat\/es\/restaurante\/espacio-gastronomico\/\">                      <h3 class=\"titol\">Coge fuerzas<\/h3>                  <\/a>\n                  <p class=\"descripcio\">\u00a1Imprescindible un buen desayuno! Que te prepare para descubrir la historia que esconden las paredes del Santuario.<\/p>              <\/div>\n                        <\/div>\n        <\/li>\n\n  \n      <li class=\"swiper-slide\"> \n          <div class=\"content-slide\">\n          <figure><img src=\"https:\/\/elmiracle.cat\/wp-content\/uploads\/2021\/01\/fotoPORTADA-scaled.jpg\"><\/figure>          \n                        <div class=\"detalls\">\n                  <a href=\"https:\/\/elmiracle.cat\/teletreball-a-la-natura\/\">                      <h3 class=\"titol\">Teletrabaja en la naturaleza<\/h3>                  <\/a>\n                  <p class=\"descripcio\">Rodeados de silencio y naturaleza, con todos los servicios necesarios para garantizar su descanso y su concentraci\u00f3n.<\/p>              <\/div>\n                        <\/div>\n        <\/li>\n\n  \n      <li class=\"swiper-slide\"> \n          <div class=\"content-slide\">\n          <figure><img src=\"https:\/\/elmiracle.cat\/wp-content\/uploads\/2020\/05\/Retaule_Altar.jpg\"><\/figure>          \n                        <div class=\"detalls\">\n                  <a href=\"https:\/\/elmiracle.cat\/es\/el-santuario\/iglesia\/\">                      <h3 class=\"titol\">\u00a1Marav\u00edllate en la iglesia!<\/h3>                  <\/a>\n                  <p class=\"descripcio\">Admira uno de los mayores retablos barrocos de Catalu\u00f1a, la joya del Santuario.<\/p>              <\/div>\n                        <\/div>\n        <\/li>\n\n  \n      <li class=\"swiper-slide\"> \n          <div class=\"content-slide\">\n          <figure><img src=\"https:\/\/elmiracle.cat\/wp-content\/uploads\/2020\/05\/Bassa_spring.jpg\"><\/figure>          \n                        <div class=\"detalls\">\n                  <a href=\"https:\/\/elmiracle.cat\/es\/que-hacer\/\">                      <h3 class=\"titol\">Pasea por los senderos<\/h3>                  <\/a>\n                  <p class=\"descripcio\">El Miracle es el punto de partida de caminos y rutas para disfrutar, a pie o en bicicleta, del paisaje y la naturaleza.<\/p>              <\/div>\n                        <\/div>\n        <\/li>\n\n  \n      <li class=\"swiper-slide\"> \n          <div class=\"content-slide\">\n          <figure><img src=\"https:\/\/elmiracle.cat\/wp-content\/uploads\/2020\/05\/Formatges_Miracle01.jpg\"><\/figure>          \n                        <div class=\"detalls\">\n                  <a href=\"https:\/\/elmiracle.cat\/es\/restaurante\/espacio-gastronomico\/\">                      <h3 class=\"titol\">Prueba los quesos y vinos<\/h3>                  <\/a>\n                  <p class=\"descripcio\">Visita la queser\u00eda y la bodega en los bajos del Monasterio y recorre los vi\u00f1edos.<\/p>              <\/div>\n                        <\/div>\n        <\/li>\n\n  \n      <li class=\"swiper-slide\"> \n          <div class=\"content-slide\">\n          <figure><img src=\"https:\/\/elmiracle.cat\/wp-content\/uploads\/2020\/04\/Restaurant_costelles.jpg\"><\/figure>          \n                        <div class=\"detalls\">\n                  <a href=\"https:\/\/elmiracle.cat\/es\/restaurante\/\">                      <h3 class=\"titol\">Goza de buena gastronom\u00eda<\/h3>                  <\/a>\n                  <p class=\"descripcio\">Ad\u00e9ntrate en el antiguo albergue de peregrinos y degusta los platos elaborados con los productos de nuestros vecinos.<\/p>              <\/div>\n                        <\/div>\n        <\/li>\n\n  \n      <li class=\"swiper-slide\"> \n          <div class=\"content-slide\">\n          <figure><img src=\"https:\/\/elmiracle.cat\/wp-content\/uploads\/2020\/06\/Cel-estrellat_Cre\u0300dits_-David-Guitart.jpg\"><\/figure>          \n                        <div class=\"detalls\">\n                  <a href=\"https:\/\/elmiracle.cat\/es\/alojamiento\/\">                      <h3 class=\"titol\">Sonr\u00ede al Cielo estrellado<\/h3>                  <\/a>\n                  <p class=\"descripcio\">De noche contempla la belleza del cielo estrellado, respira el silencio y descansa.<\/p>              <\/div>\n                        <\/div>\n        <\/li>\n\n          <\/ul>\n     \n     \n      <div class=\"rotatori_claim_home-button-next swiper-button-next\"><\/div>\n    <div class=\"rotatori_claim_home-button-prev swiper-button-prev\"><\/div>\n      <div class=\"rotatori_claim_home-pagination\"><\/div>\n     <\/div>\n    <p class=\"arrow-down incrusted\"><a href=\"#botiga-home\">prev<\/a><\/p>    <\/div>\n <script>\n    var swiper = new Swiper('.rotatori_claim_home', {\n       navigation: {\n        nextEl: '.rotatori_claim_home .swiper-button-next',\n        prevEl: '.rotatori_claim_home .swiper-button-prev',\n      },\n        pagination: {\n        el: '.rotatori_claim_home-pagination',\n      },\n    });\n  <\/script><\/div><\/div>\n\n\n<p id=\"botiga-home\">botiga-home<\/p>\n\n\n<div class=\"wp-container-14 wp-block-group home2\"><div class=\"wp-block-group__inner-container\">\n<h2 class=\"has-text-align-center\">Pr\u00f3ximamente,<br>\u00a1La tienda online!<\/h2>\n\n\n\n<hr class=\"wp-block-separator has-css-opacity\"\/>\n\n\n\n<div class=\"wp-container-12 wp-block-columns\">\n<div class=\"wp-container-8 wp-block-column\">\n<figure class=\"wp-block-image size-large\"><img loading=\"lazy\" width=\"1024\" height=\"683\" src=\"https:\/\/elmiracle.cat\/wp-content\/uploads\/2020\/05\/mocador_info-1024x683.jpg\" alt=\"\" class=\"wp-image-1312\" srcset=\"https:\/\/elmiracle.cat\/wp-content\/uploads\/2020\/05\/mocador_info-1024x683.jpg 1024w, https:\/\/elmiracle.cat\/wp-content\/uploads\/2020\/05\/mocador_info-416x277.jpg 416w, https:\/\/elmiracle.cat\/wp-content\/uploads\/2020\/05\/mocador_info-300x200.jpg 300w, https:\/\/elmiracle.cat\/wp-content\/uploads\/2020\/05\/mocador_info-768x512.jpg 768w, https:\/\/elmiracle.cat\/wp-content\/uploads\/2020\/05\/mocador_info.jpg 1303w\" sizes=\"(max-width: 1024px) 100vw, 1024px\" \/><\/figure>\n\n\n\n<h3>Pa\u00f1uelo<\/h3>\n\n\n\n<p>Fruto de nuestra admiraci\u00f3n por el retablo barroco y el paisaje floral que nos rodea, naci\u00f3 este elegante pa\u00f1uelo de seda.<\/p>\n<\/div>\n\n\n\n<div class=\"wp-container-9 wp-block-column\">\n<figure class=\"wp-block-image size-large\"><img loading=\"lazy\" width=\"1024\" height=\"732\" src=\"https:\/\/elmiracle.cat\/wp-content\/uploads\/2020\/03\/sabons03-1024x732.jpg\" alt=\"\" class=\"wp-image-1354\" srcset=\"https:\/\/elmiracle.cat\/wp-content\/uploads\/2020\/03\/sabons03-1024x732.jpg 1024w, https:\/\/elmiracle.cat\/wp-content\/uploads\/2020\/03\/sabons03-416x297.jpg 416w, https:\/\/elmiracle.cat\/wp-content\/uploads\/2020\/03\/sabons03-300x214.jpg 300w, https:\/\/elmiracle.cat\/wp-content\/uploads\/2020\/03\/sabons03-768x549.jpg 768w, https:\/\/elmiracle.cat\/wp-content\/uploads\/2020\/03\/sabons03-1536x1097.jpg 1536w, https:\/\/elmiracle.cat\/wp-content\/uploads\/2020\/03\/sabons03.jpg 1600w\" sizes=\"(max-width: 1024px) 100vw, 1024px\" \/><\/figure>\n\n\n\n<h3>Jab\u00f3n<\/h3>\n\n\n\n<p>Un jab\u00f3n de cosm\u00e9tica natural hecho con las esencias de las hierbas del Miracle por M\u00aa \u00c0ngels, vecina nuestra y gran artesana.<\/p>\n<\/div>\n\n\n\n<div class=\"wp-container-10 wp-block-column\">\n<figure class=\"wp-block-image size-large\"><img loading=\"lazy\" width=\"683\" height=\"1024\" src=\"https:\/\/elmiracle.cat\/wp-content\/uploads\/2020\/05\/Ratafia_label-683x1024.jpg\" alt=\"\" class=\"wp-image-1336\" srcset=\"https:\/\/elmiracle.cat\/wp-content\/uploads\/2020\/05\/Ratafia_label-683x1024.jpg 683w, https:\/\/elmiracle.cat\/wp-content\/uploads\/2020\/05\/Ratafia_label-416x624.jpg 416w, https:\/\/elmiracle.cat\/wp-content\/uploads\/2020\/05\/Ratafia_label-200x300.jpg 200w, https:\/\/elmiracle.cat\/wp-content\/uploads\/2020\/05\/Ratafia_label-768x1152.jpg 768w, https:\/\/elmiracle.cat\/wp-content\/uploads\/2020\/05\/Ratafia_label-1024x1536.jpg 1024w, https:\/\/elmiracle.cat\/wp-content\/uploads\/2020\/05\/Ratafia_label.jpg 1067w\" sizes=\"(max-width: 683px) 100vw, 683px\" \/><\/figure>\n\n\n\n<h3>Rataf\u00eda<\/h3>\n\n\n\n<p>Elaborada con las nueces verdes de nuestros nogales y con la receta del hermano Benet de la Comunidad Benedictina.<\/p>\n<\/div>\n\n\n\n<div class=\"wp-container-11 wp-block-column\">\n<figure class=\"wp-block-image size-large\"><img loading=\"lazy\" width=\"683\" height=\"1024\" src=\"https:\/\/elmiracle.cat\/wp-content\/uploads\/2020\/05\/carquinyolis_black-683x1024.jpg\" alt=\"\" class=\"wp-image-1300\" srcset=\"https:\/\/elmiracle.cat\/wp-content\/uploads\/2020\/05\/carquinyolis_black-683x1024.jpg 683w, https:\/\/elmiracle.cat\/wp-content\/uploads\/2020\/05\/carquinyolis_black-416x624.jpg 416w, https:\/\/elmiracle.cat\/wp-content\/uploads\/2020\/05\/carquinyolis_black-200x300.jpg 200w, https:\/\/elmiracle.cat\/wp-content\/uploads\/2020\/05\/carquinyolis_black-768x1152.jpg 768w, https:\/\/elmiracle.cat\/wp-content\/uploads\/2020\/05\/carquinyolis_black.jpg 894w\" sizes=\"(max-width: 683px) 100vw, 683px\" \/><\/figure>\n\n\n\n<h3>Carquinyolis<\/h3>\n\n\n\n<p>\u00a1Hechos de forma artesanal en casa, a mano y con peque\u00f1as producciones para mantenerlos siempre reci\u00e9n hechos!<\/p>\n<\/div>\n<\/div>\n\n\n\n<p class=\"has-text-align-center\">Si est\u00e1s interesado en comprar o distribuir nuestros productos env\u00edanos un mensaje:<\/p>\n\n\n\n<hr class=\"wp-block-separator has-css-opacity\"\/>\n\n\n\n<div class=\"wp-container-13 is-content-justification-center wp-block-buttons\">\n<div class=\"wp-block-button\"><a class=\"wp-block-button__link\" href=\"mailto:productes@elmiracle.cat\" target=\"_blank\" rel=\"noreferrer noopener\">Contactar con la tienda<\/a><\/div>\n<\/div>\n<\/div><\/div>\n","protected":false},"excerpt":{"rendered":"<p>Bienvenidos al Santuario del Miracle Si has llegado hasta aqu\u00ed es porque tienes ganas de descubrir porqu\u00e9 el Santuario del Miracle es un lugar tan especial.Aqu\u00ed encontrar\u00e1s todos los servicios para hacer de tu visita una experiencia muy especial.Ven al Miracle, \u00a1te estamos esperando! Alojamiento \u00a1Los apartamentos del Santuario del Miracle son el lugar ideal [&hellip;]<\/p>\n","protected":false},"author":1,"featured_media":0,"parent":0,"menu_order":0,"comment_status":"closed","ping_status":"closed","template":"inici.php","meta":[],"acf":[],"yoast_head":"<!-- This site is optimized with the Yoast SEO plugin v19.8 - https:\/\/yoast.com\/wordpress\/plugins\/seo\/ -->\n<title>Bienvenidos al Santuario de El Miracle - Santuari El Miracle<\/title>\n<meta name=\"robots\" content=\"index, follow, max-snippet:-1, max-image-preview:large, max-video-preview:-1\" \/>\n<link rel=\"canonical\" href=\"https:\/\/elmiracle.cat\/es\/\" \/>\n<meta property=\"og:locale\" content=\"es_ES\" \/>\n<meta property=\"og:type\" content=\"article\" \/>\n<meta property=\"og:title\" content=\"Bienvenidos al Santuario de El Miracle - Santuari El Miracle\" \/>\n<meta property=\"og:description\" content=\"Bienvenidos al Santuario del Miracle Si has llegado hasta aqu\u00ed es porque tienes ganas de descubrir porqu\u00e9 el Santuario del Miracle es un lugar tan especial.Aqu\u00ed encontrar\u00e1s todos los servicios para hacer de tu visita una experiencia muy especial.Ven al Miracle, \u00a1te estamos esperando! Alojamiento \u00a1Los apartamentos del Santuario del Miracle son el lugar ideal [&hellip;]\" \/>\n<meta property=\"og:url\" content=\"https:\/\/elmiracle.cat\/es\/\" \/>\n<meta property=\"og:site_name\" content=\"Santuari El Miracle\" \/>\n<meta property=\"article:modified_time\" content=\"2023-07-31T10:10:23+00:00\" \/>\n<meta property=\"og:image\" content=\"https:\/\/elmiracle.cat\/wp-content\/uploads\/2020\/04\/vista-aerea_dron02-1366x767.jpg\" \/>\n<meta name=\"twitter:card\" content=\"summary_large_image\" \/>\n<meta name=\"twitter:label1\" content=\"Tiempo de lectura\" \/>\n\t<meta name=\"twitter:data1\" content=\"3 minutos\" \/>\n<script type=\"application\/ld+json\" class=\"yoast-schema-graph\">{\"@context\":\"https:\/\/schema.org\",\"@graph\":[{\"@type\":\"WebPage\",\"@id\":\"https:\/\/elmiracle.cat\/es\/\",\"url\":\"https:\/\/elmiracle.cat\/es\/\",\"name\":\"Bienvenidos al Santuario de El Miracle - Santuari El Miracle\",\"isPartOf\":{\"@id\":\"https:\/\/elmiracle.cat\/#website\"},\"datePublished\":\"2023-03-03T08:00:09+00:00\",\"dateModified\":\"2023-07-31T10:10:23+00:00\",\"inLanguage\":\"es\",\"potentialAction\":[{\"@type\":\"ReadAction\",\"target\":[\"https:\/\/elmiracle.cat\/es\/\"]}]},{\"@type\":\"WebSite\",\"@id\":\"https:\/\/elmiracle.cat\/#website\",\"url\":\"https:\/\/elmiracle.cat\/\",\"name\":\"Santuari El Miracle\",\"description\":\"Santuari El Miracle\",\"potentialAction\":[{\"@type\":\"SearchAction\",\"target\":{\"@type\":\"EntryPoint\",\"urlTemplate\":\"https:\/\/elmiracle.cat\/?s={search_term_string}\"},\"query-input\":\"required name=search_term_string\"}],\"inLanguage\":\"es\"}]}<\/script>\n<!-- \/ Yoast SEO plugin. -->","yoast_head_json":{"title":"Bienvenidos al Santuario de El Miracle - Santuari El Miracle","robots":{"index":"index","follow":"follow","max-snippet":"max-snippet:-1","max-image-preview":"max-image-preview:large","max-video-preview":"max-video-preview:-1"},"canonical":"https:\/\/elmiracle.cat\/es\/","og_locale":"es_ES","og_type":"article","og_title":"Bienvenidos al Santuario de El Miracle - Santuari El Miracle","og_description":"Bienvenidos al Santuario del Miracle Si has llegado hasta aqu\u00ed es porque tienes ganas de descubrir porqu\u00e9 el Santuario del Miracle es un lugar tan especial.Aqu\u00ed encontrar\u00e1s todos los servicios para hacer de tu visita una experiencia muy especial.Ven al Miracle, \u00a1te estamos esperando! Alojamiento \u00a1Los apartamentos del Santuario del Miracle son el lugar ideal [&hellip;]","og_url":"https:\/\/elmiracle.cat\/es\/","og_site_name":"Santuari El Miracle","article_modified_time":"2023-07-31T10:10:23+00:00","og_image":[{"url":"https:\/\/elmiracle.cat\/wp-content\/uploads\/2020\/04\/vista-aerea_dron02-1366x767.jpg"}],"twitter_card":"summary_large_image","twitter_misc":{"Tiempo de lectura":"3 minutos"},"schema":{"@context":"https:\/\/schema.org","@graph":[{"@type":"WebPage","@id":"https:\/\/elmiracle.cat\/es\/","url":"https:\/\/elmiracle.cat\/es\/","name":"Bienvenidos al Santuario de El Miracle - Santuari El Miracle","isPartOf":{"@id":"https:\/\/elmiracle.cat\/#website"},"datePublished":"2023-03-03T08:00:09+00:00","dateModified":"2023-07-31T10:10:23+00:00","inLanguage":"es","potentialAction":[{"@type":"ReadAction","target":["https:\/\/elmiracle.cat\/es\/"]}]},{"@type":"WebSite","@id":"https:\/\/elmiracle.cat\/#website","url":"https:\/\/elmiracle.cat\/","name":"Santuari El Miracle","description":"Santuari El Miracle","potentialAction":[{"@type":"SearchAction","target":{"@type":"EntryPoint","urlTemplate":"https:\/\/elmiracle.cat\/?s={search_term_string}"},"query-input":"required name=search_term_string"}],"inLanguage":"es"}]}},"_links":{"self":[{"href":"https:\/\/elmiracle.cat\/es\/wp-json\/wp\/v2\/pages\/2675"}],"collection":[{"href":"https:\/\/elmiracle.cat\/es\/wp-json\/wp\/v2\/pages"}],"about":[{"href":"https:\/\/elmiracle.cat\/es\/wp-json\/wp\/v2\/types\/page"}],"author":[{"embeddable":true,"href":"https:\/\/elmiracle.cat\/es\/wp-json\/wp\/v2\/users\/1"}],"replies":[{"embeddable":true,"href":"https:\/\/elmiracle.cat\/es\/wp-json\/wp\/v2\/comments?post=2675"}],"version-history":[{"count":0,"href":"https:\/\/elmiracle.cat\/es\/wp-json\/wp\/v2\/pages\/2675\/revisions"}],"wp:attachment":[{"href":"https:\/\/elmiracle.cat\/es\/wp-json\/wp\/v2\/media?parent=2675"}],"curies":[{"name":"wp","href":"https:\/\/api.w.org\/{rel}","templated":true}]}}