
{"id":2656,"date":"2022-10-24T16:47:20","date_gmt":"2022-10-24T16:47:20","guid":{"rendered":"https:\/\/elmiracle.cat\/?page_id=2656"},"modified":"2024-11-19T11:05:52","modified_gmt":"2024-11-19T11:05:52","slug":"monasterio-casa-grande-y-casa-de-espiritualidad","status":"publish","type":"page","link":"https:\/\/elmiracle.cat\/es\/el-santuario\/monasterio-casa-grande-y-casa-de-espiritualidad\/","title":{"rendered":"Monasterio, Casa Grande y Casa de Espiritualidad"},"content":{"rendered":"\n<hr class=\"wp-block-separator has-css-opacity\"\/>\n\n\n\n<div class=\"wp-container-3 wp-block-columns col-1-2\">\n<div class=\"wp-container-1 wp-block-column col-1-2\" style=\"flex-basis:33.33%\"><\/div>\n\n\n\n<div class=\"wp-container-2 wp-block-column\" style=\"flex-basis:66.66%\">\n<h2>Monasterio<\/h2>\n\n\n\n<p><strong>A finales del siglo XIX<\/strong> el obispo de Solsona, Ramon Riu, pidi\u00f3 al monasterio de Montserrat que estableciera una comunidad religiosa en el Miracle. Se lleg\u00f3 a un acuerdo con el abad <a href=\"https:\/\/ca.wikipedia.org\/wiki\/Josep_De%C3%A0s_i_Villar\" target=\"_blank\" rel=\"noreferrer noopener\">Josep De\u00e0s<\/a> y se inici\u00f3 la construcci\u00f3n del monasterio en 1899. La primera comunidad se estableci\u00f3 el primero de septiembre de 1901. Y todav\u00eda hoy es la <a href=\"https:\/\/abadiamontserrat.cat\/\" target=\"_blank\" rel=\"noreferrer noopener\">comunidad benedictina de Montserrat<\/a> la que cuida de este santuario y lleva toda su gesti\u00f3n.<\/p>\n\n\n\n<p>Durante la guerra de 1936-1939 la comunidad mon\u00e1stica se dispers\u00f3 y el recinto fue convertido en hospital.<\/p>\n\n\n\n<p>Informaci\u00f3n de servicios religiosos:<br>Web: <a href=\"http:\/\/santuarielmiracle.cat\/pserveis.php\" target=\"_blank\" rel=\"noreferrer noopener\">santuarielmiracle.com<\/a><br>Tel.: 973 480 002<br>E-mail: <a href=\"mailto:santuari@santuarielmiracle.com\">santuari@santuarielmiracle.com<\/a><\/p>\n<\/div>\n<\/div>\n\n\n\n<div class=\"wp-container-6 wp-block-columns col-1-2\">\n<div class=\"wp-container-4 wp-block-column paragraf-1-2\" style=\"flex-basis:33.33%\">\n<p class=\"foto_peu\">La <strong>comunidad benedictina de Montserrat<\/strong> cuida este santuario y lleva su gesti\u00f3n. La primera comunidad se estableci\u00f3 en septiembre de 1901.<\/p>\n\n\n\n<p><\/p>\n<\/div>\n\n\n\n<div class=\"wp-container-5 wp-block-column\" style=\"flex-basis:66.66%\">\n\n  <div class=\"rotatiu_container\"  >\n <div class=\"rotatori-imatges\">\n    \n    <ul class=\"swiper-wrapper\">\n        \n      \n        \n  \n      <li class=\"swiper-slide\"> \n          <div class=\"content-slide\">\n          <figure><img src=\"https:\/\/elmiracle.cat\/wp-content\/uploads\/2020\/04\/Monestir_Ramon_Ribera01.jpg\"><\/figure>          \n                        <div class=\"detalls\">\n                                                          \n                  <p class=\"descripcio\">\u00a9Ramon Ribera<\/p>              <\/div>\n                        <\/div>\n        <\/li>\n\n  \n      <li class=\"swiper-slide\"> \n          <div class=\"content-slide\">\n          <figure><img src=\"https:\/\/elmiracle.cat\/wp-content\/uploads\/2020\/04\/Monestir_Claustre_David_Guitart02.jpg\"><\/figure>          \n                        <\/div>\n        <\/li>\n\n  \n      <li class=\"swiper-slide\"> \n          <div class=\"content-slide\">\n          <figure><img src=\"https:\/\/elmiracle.cat\/wp-content\/uploads\/2020\/04\/Monestir_Claustre_Interior-David-Guitart.jpg\"><\/figure>          \n                        <\/div>\n        <\/li>\n\n  \n      <li class=\"swiper-slide\"> \n          <div class=\"content-slide\">\n          <figure><img src=\"https:\/\/elmiracle.cat\/wp-content\/uploads\/2020\/04\/Santuari_Miracle_Judit.jpg\"><\/figure>          \n                        <\/div>\n        <\/li>\n\n          <\/ul>\n     \n     \n      <div class=\"rotatori-imatges-button-next swiper-button-next\"><\/div>\n    <div class=\"rotatori-imatges-button-prev swiper-button-prev\"><\/div>\n      <div class=\"rotatori-imatges-pagination\"><\/div>\n     <\/div>\n    <p class=\"arrow-down incrusted\"><a href=\"#botiga-home\">prev<\/a><\/p>    <\/div>\n <script>\n    var swiper = new Swiper('.rotatori-imatges', {\n       navigation: {\n        nextEl: '.rotatori-imatges .swiper-button-next',\n        prevEl: '.rotatori-imatges .swiper-button-prev',\n      },\n        pagination: {\n        el: '.rotatori-imatges-pagination',\n      },\n    });\n  <\/script><\/div>\n<\/div>\n\n\n\n<div class=\"wp-container-9 wp-block-columns col-1-2\">\n<div class=\"wp-container-7 wp-block-column col-1-2\" style=\"flex-basis:33.33%\"><\/div>\n\n\n\n<div class=\"wp-container-8 wp-block-column\" style=\"flex-basis:66.66%\">\n<h2>Casa Grande<\/h2>\n\n\n\n<p>El albergue llamado \u201cCasa Gran\u201d, serv\u00eda de <strong>alojamiento de peregrinos y viajeros<\/strong>. Es un edificio construido en \u00e9pocas diversas, desde el siglo XVI hasta el XVIII. Se trata de un magn\u00edfico exponente de edificio <strong>renacentista civil con ampliaciones de la \u00e9poca barroca<\/strong>. Hoy, y aunque muchos elementos esperan ser restaurados, aloja las instalaciones <a href=\"http:\/\/riner.ddl.net\/\" target=\"_blank\" rel=\"noreferrer noopener\">municipales de Riner<\/a> los espacios culturales de exposiciones, y los servicios de tienda, cafeter\u00eda, restaurante y Oficina de Turismo.<\/p>\n<\/div>\n<\/div>\n\n\n\n<div class=\"wp-container-12 wp-block-columns col-1-2\">\n<div class=\"wp-container-10 wp-block-column paragraf-1-2\" style=\"flex-basis:33.33%\"><\/div>\n\n\n\n<div class=\"wp-container-11 wp-block-column\" style=\"flex-basis:66.66%\">\n\n  <div class=\"rotatiu_container\"  >\n <div class=\"rotatori-imatges\">\n    \n    <ul class=\"swiper-wrapper\">\n        \n      \n        \n  \n      <li class=\"swiper-slide\"> \n          <div class=\"content-slide\">\n          <figure><img src=\"https:\/\/elmiracle.cat\/wp-content\/uploads\/2020\/05\/Home-Raim_DavidGuitart.jpg\"><\/figure>          \n                        <div class=\"detalls\">\n                                                          \n                  <p class=\"descripcio\">\u00a9David Guitart<\/p>              <\/div>\n                        <\/div>\n        <\/li>\n\n  \n      <li class=\"swiper-slide\"> \n          <div class=\"content-slide\">\n          <figure><img src=\"https:\/\/elmiracle.cat\/wp-content\/uploads\/2020\/04\/Casa-Gran_Exterior_Judit.jpg\"><\/figure>          \n                        <\/div>\n        <\/li>\n\n  \n      <li class=\"swiper-slide\"> \n          <div class=\"content-slide\">\n          <figure><img src=\"https:\/\/elmiracle.cat\/wp-content\/uploads\/2020\/04\/Fac\u0327anaRestaurant_CasaGran.jpg\"><\/figure>          \n                        <\/div>\n        <\/li>\n\n  \n      <li class=\"swiper-slide\"> \n          <div class=\"content-slide\">\n          <figure><img src=\"https:\/\/elmiracle.cat\/wp-content\/uploads\/2020\/04\/Casa-Gran_David-Guitart.jpg\"><\/figure>          \n                        <div class=\"detalls\">\n                                                          \n                  <p class=\"descripcio\">\u00a9David Guitart<\/p>              <\/div>\n                        <\/div>\n        <\/li>\n\n          <\/ul>\n     \n     \n      <div class=\"rotatori-imatges-button-next swiper-button-next\"><\/div>\n    <div class=\"rotatori-imatges-button-prev swiper-button-prev\"><\/div>\n      <div class=\"rotatori-imatges-pagination\"><\/div>\n     <\/div>\n    <p class=\"arrow-down incrusted\"><a href=\"#botiga-home\">prev<\/a><\/p>    <\/div>\n <script>\n    var swiper = new Swiper('.rotatori-imatges', {\n       navigation: {\n        nextEl: '.rotatori-imatges .swiper-button-next',\n        prevEl: '.rotatori-imatges .swiper-button-prev',\n      },\n        pagination: {\n        el: '.rotatori-imatges-pagination',\n      },\n    });\n  <\/script>\n\n\n<p><\/p>\n<\/div>\n<\/div>\n\n\n\n<div class=\"wp-container-15 wp-block-columns col-1-2\">\n<div class=\"wp-container-13 wp-block-column col-1-2\" style=\"flex-basis:33.33%\"><\/div>\n\n\n\n<div class=\"wp-container-14 wp-block-column\" style=\"flex-basis:66.66%\">\n<h2>Casa de Espiritualidad <\/h2>\n\n\n\n<p>El edificio de la Casa de Espiritualidad se construy\u00f3 en 1935 con la funci\u00f3n de Hotel. Fue en 1980 cuando se reconvirti\u00f3 en Casa de Espiritualidad. Acoge a las personas que, individualmente o en grupo, buscan un ambiente de paz, de reflexi\u00f3n, de silencio y de oraci\u00f3n; si lo desean pueden compartir las celebraciones lit\u00fargicas con la comunidad mon\u00e1stica.<\/p>\n\n\n\n<p>En un ambiente sencillo pero acogedor, <strong>ofrece 12 habitaciones dobles y 28 individuales<\/strong> con ba\u00f1o completo, algunas adaptadas para minusv\u00e1lidos.<\/p>\n\n\n\n<p>Dispone de cuatro salas para reuniones, oratorio, calefacci\u00f3n y ascensor.<\/p>\n\n\n\n<p>Para m\u00e1s informaci\u00f3n, <a href=\"http:\/\/amicscasamiracle.cat\">visite la web<\/a> o contacte al tel. 649 465 814 o en el e-mail <a href=\"mailto:associacio.casespi.miracle@gmail.com\" target=\"_blank\" rel=\"noreferrer noopener\">associacio.casespi.miracle@gmail.com<\/a> <\/p>\n\n\n\n<p><\/p>\n<\/div>\n<\/div>\n\n\n\n<p><\/p>\n","protected":false},"excerpt":{"rendered":"<p>Monasterio A finales del siglo XIX el obispo de Solsona, Ramon Riu, pidi\u00f3 al monasterio de Montserrat que estableciera una comunidad religiosa en el Miracle. Se lleg\u00f3 a un acuerdo con el abad Josep De\u00e0s y se inici\u00f3 la construcci\u00f3n del monasterio en 1899. La primera comunidad se estableci\u00f3 el primero de septiembre de 1901. [&hellip;]<\/p>\n","protected":false},"author":2,"featured_media":2306,"parent":2648,"menu_order":0,"comment_status":"closed","ping_status":"closed","template":"section-page.php","meta":[],"acf":[],"yoast_head":"<!-- This site is optimized with the Yoast SEO plugin v19.8 - https:\/\/yoast.com\/wordpress\/plugins\/seo\/ -->\n<title>Monasterio, Casa Grande y Casa de Espiritualidad - Santuari El Miracle<\/title>\n<meta name=\"robots\" content=\"index, follow, max-snippet:-1, max-image-preview:large, max-video-preview:-1\" \/>\n<link rel=\"canonical\" href=\"https:\/\/elmiracle.cat\/es\/el-santuario\/monasterio-casa-grande-y-casa-de-espiritualidad\/\" \/>\n<meta property=\"og:locale\" content=\"es_ES\" \/>\n<meta property=\"og:type\" content=\"article\" \/>\n<meta property=\"og:title\" content=\"Monasterio, Casa Grande y Casa de Espiritualidad - Santuari El Miracle\" \/>\n<meta property=\"og:description\" content=\"Monasterio A finales del siglo XIX el obispo de Solsona, Ramon Riu, pidi\u00f3 al monasterio de Montserrat que estableciera una comunidad religiosa en el Miracle. Se lleg\u00f3 a un acuerdo con el abad Josep De\u00e0s y se inici\u00f3 la construcci\u00f3n del monasterio en 1899. La primera comunidad se estableci\u00f3 el primero de septiembre de 1901. [&hellip;]\" \/>\n<meta property=\"og:url\" content=\"https:\/\/elmiracle.cat\/es\/el-santuario\/monasterio-casa-grande-y-casa-de-espiritualidad\/\" \/>\n<meta property=\"og:site_name\" content=\"Santuari El Miracle\" \/>\n<meta property=\"article:modified_time\" content=\"2024-11-19T11:05:52+00:00\" \/>\n<meta property=\"og:image\" content=\"https:\/\/elmiracle.cat\/wp-content\/uploads\/2020\/04\/Celler_conjunt.jpg\" \/>\n\t<meta property=\"og:image:width\" content=\"1800\" \/>\n\t<meta property=\"og:image:height\" content=\"1200\" \/>\n\t<meta property=\"og:image:type\" content=\"image\/jpeg\" \/>\n<meta name=\"twitter:card\" content=\"summary_large_image\" \/>\n<meta name=\"twitter:label1\" content=\"Tiempo de lectura\" \/>\n\t<meta name=\"twitter:data1\" content=\"2 minutos\" \/>\n<script type=\"application\/ld+json\" class=\"yoast-schema-graph\">{\"@context\":\"https:\/\/schema.org\",\"@graph\":[{\"@type\":\"WebPage\",\"@id\":\"https:\/\/elmiracle.cat\/es\/el-santuario\/monasterio-casa-grande-y-casa-de-espiritualidad\/\",\"url\":\"https:\/\/elmiracle.cat\/es\/el-santuario\/monasterio-casa-grande-y-casa-de-espiritualidad\/\",\"name\":\"Monasterio, Casa Grande y Casa de Espiritualidad - Santuari El Miracle\",\"isPartOf\":{\"@id\":\"https:\/\/elmiracle.cat\/#website\"},\"datePublished\":\"2022-10-24T16:47:20+00:00\",\"dateModified\":\"2024-11-19T11:05:52+00:00\",\"breadcrumb\":{\"@id\":\"https:\/\/elmiracle.cat\/es\/el-santuario\/monasterio-casa-grande-y-casa-de-espiritualidad\/#breadcrumb\"},\"inLanguage\":\"es\",\"potentialAction\":[{\"@type\":\"ReadAction\",\"target\":[\"https:\/\/elmiracle.cat\/es\/el-santuario\/monasterio-casa-grande-y-casa-de-espiritualidad\/\"]}]},{\"@type\":\"BreadcrumbList\",\"@id\":\"https:\/\/elmiracle.cat\/es\/el-santuario\/monasterio-casa-grande-y-casa-de-espiritualidad\/#breadcrumb\",\"itemListElement\":[{\"@type\":\"ListItem\",\"position\":1,\"name\":\"El Santuario\",\"item\":\"https:\/\/elmiracle.cat\/es\/el-santuario\/\"},{\"@type\":\"ListItem\",\"position\":2,\"name\":\"Monasterio, Casa Grande y Casa de Espiritualidad\"}]},{\"@type\":\"WebSite\",\"@id\":\"https:\/\/elmiracle.cat\/#website\",\"url\":\"https:\/\/elmiracle.cat\/\",\"name\":\"Santuari El Miracle\",\"description\":\"Santuari El Miracle\",\"potentialAction\":[{\"@type\":\"SearchAction\",\"target\":{\"@type\":\"EntryPoint\",\"urlTemplate\":\"https:\/\/elmiracle.cat\/?s={search_term_string}\"},\"query-input\":\"required name=search_term_string\"}],\"inLanguage\":\"es\"}]}<\/script>\n<!-- \/ Yoast SEO plugin. -->","yoast_head_json":{"title":"Monasterio, Casa Grande y Casa de Espiritualidad - Santuari El Miracle","robots":{"index":"index","follow":"follow","max-snippet":"max-snippet:-1","max-image-preview":"max-image-preview:large","max-video-preview":"max-video-preview:-1"},"canonical":"https:\/\/elmiracle.cat\/es\/el-santuario\/monasterio-casa-grande-y-casa-de-espiritualidad\/","og_locale":"es_ES","og_type":"article","og_title":"Monasterio, Casa Grande y Casa de Espiritualidad - Santuari El Miracle","og_description":"Monasterio A finales del siglo XIX el obispo de Solsona, Ramon Riu, pidi\u00f3 al monasterio de Montserrat que estableciera una comunidad religiosa en el Miracle. Se lleg\u00f3 a un acuerdo con el abad Josep De\u00e0s y se inici\u00f3 la construcci\u00f3n del monasterio en 1899. La primera comunidad se estableci\u00f3 el primero de septiembre de 1901. [&hellip;]","og_url":"https:\/\/elmiracle.cat\/es\/el-santuario\/monasterio-casa-grande-y-casa-de-espiritualidad\/","og_site_name":"Santuari El Miracle","article_modified_time":"2024-11-19T11:05:52+00:00","og_image":[{"width":1800,"height":1200,"url":"https:\/\/elmiracle.cat\/wp-content\/uploads\/2020\/04\/Celler_conjunt.jpg","type":"image\/jpeg"}],"twitter_card":"summary_large_image","twitter_misc":{"Tiempo de lectura":"2 minutos"},"schema":{"@context":"https:\/\/schema.org","@graph":[{"@type":"WebPage","@id":"https:\/\/elmiracle.cat\/es\/el-santuario\/monasterio-casa-grande-y-casa-de-espiritualidad\/","url":"https:\/\/elmiracle.cat\/es\/el-santuario\/monasterio-casa-grande-y-casa-de-espiritualidad\/","name":"Monasterio, Casa Grande y Casa de Espiritualidad - Santuari El Miracle","isPartOf":{"@id":"https:\/\/elmiracle.cat\/#website"},"datePublished":"2022-10-24T16:47:20+00:00","dateModified":"2024-11-19T11:05:52+00:00","breadcrumb":{"@id":"https:\/\/elmiracle.cat\/es\/el-santuario\/monasterio-casa-grande-y-casa-de-espiritualidad\/#breadcrumb"},"inLanguage":"es","potentialAction":[{"@type":"ReadAction","target":["https:\/\/elmiracle.cat\/es\/el-santuario\/monasterio-casa-grande-y-casa-de-espiritualidad\/"]}]},{"@type":"BreadcrumbList","@id":"https:\/\/elmiracle.cat\/es\/el-santuario\/monasterio-casa-grande-y-casa-de-espiritualidad\/#breadcrumb","itemListElement":[{"@type":"ListItem","position":1,"name":"El Santuario","item":"https:\/\/elmiracle.cat\/es\/el-santuario\/"},{"@type":"ListItem","position":2,"name":"Monasterio, Casa Grande y Casa de Espiritualidad"}]},{"@type":"WebSite","@id":"https:\/\/elmiracle.cat\/#website","url":"https:\/\/elmiracle.cat\/","name":"Santuari El Miracle","description":"Santuari El Miracle","potentialAction":[{"@type":"SearchAction","target":{"@type":"EntryPoint","urlTemplate":"https:\/\/elmiracle.cat\/?s={search_term_string}"},"query-input":"required name=search_term_string"}],"inLanguage":"es"}]}},"_links":{"self":[{"href":"https:\/\/elmiracle.cat\/es\/wp-json\/wp\/v2\/pages\/2656"}],"collection":[{"href":"https:\/\/elmiracle.cat\/es\/wp-json\/wp\/v2\/pages"}],"about":[{"href":"https:\/\/elmiracle.cat\/es\/wp-json\/wp\/v2\/types\/page"}],"author":[{"embeddable":true,"href":"https:\/\/elmiracle.cat\/es\/wp-json\/wp\/v2\/users\/2"}],"replies":[{"embeddable":true,"href":"https:\/\/elmiracle.cat\/es\/wp-json\/wp\/v2\/comments?post=2656"}],"version-history":[{"count":0,"href":"https:\/\/elmiracle.cat\/es\/wp-json\/wp\/v2\/pages\/2656\/revisions"}],"up":[{"embeddable":true,"href":"https:\/\/elmiracle.cat\/es\/wp-json\/wp\/v2\/pages\/2648"}],"wp:featuredmedia":[{"embeddable":true,"href":"https:\/\/elmiracle.cat\/es\/wp-json\/wp\/v2\/media\/2306"}],"wp:attachment":[{"href":"https:\/\/elmiracle.cat\/es\/wp-json\/wp\/v2\/media?parent=2656"}],"curies":[{"name":"wp","href":"https:\/\/api.w.org\/{rel}","templated":true}]}}