
{"id":2650,"date":"2022-10-24T16:24:21","date_gmt":"2022-10-24T16:24:21","guid":{"rendered":"https:\/\/elmiracle.cat\/?page_id=2650"},"modified":"2023-07-28T09:00:51","modified_gmt":"2023-07-28T09:00:51","slug":"iglesia","status":"publish","type":"page","link":"https:\/\/elmiracle.cat\/es\/el-santuario\/iglesia\/","title":{"rendered":"Iglesia"},"content":{"rendered":"\n<hr class=\"wp-block-separator has-css-opacity\"\/>\n\n\n\n<div class=\"wp-container-3 wp-block-columns col-1-2\">\n<div class=\"wp-container-1 wp-block-column col-1-2\" style=\"flex-basis:33.33%\"><\/div>\n\n\n\n<div class=\"wp-container-2 wp-block-column\" style=\"flex-basis:66.66%\">\n<h2>Iglesia, parte inacabada<\/h2>\n\n\n\n<p>En la parte trasera de la iglesia se encuentra la parte inacabada. Se conserva un peque\u00f1o resto de uno de los muros de la iglesia del siglo XVI, que hab\u00eda sustituido a la primitiva capilla.<\/p>\n\n\n\n<p>La construcci\u00f3n de este enorme edificio se inici\u00f3 en la segunda mitad del siglo XVII pero fue suspendida en la primera mitad del XVIII y, a pesar de algunas reanudaciones, el templo qued\u00f3 finalmente inacabado debido a las vicisitudes hist\u00f3ricas del siglo XIX: la guerra del franc\u00e9s y las leyes desamortizadoras de Mendiz\u00e1bal. De hecho, el Santuario qued\u00f3 abandonado hasta que el Estado lo vendi\u00f3 y, con la ayuda de un intermediario, pas\u00f3 a manos del obispado de Solsona en 1886.<\/p>\n<\/div>\n<\/div>\n\n\n\n<div class=\"wp-container-6 wp-block-columns foto-1-2 peu\">\n<div class=\"wp-container-4 wp-block-column\" style=\"flex-basis:33.33%\">\n<p class=\"foto_peu\">La construcci\u00f3n de este enorme edificio se inici\u00f3 en la segunda mitad del s.XVII pero fue suspendida en la primera mitad del XVIII y qued\u00f3 finalmente inacabado a causa de las vicisitudes hist\u00f3ricas del s.XIX.<br>Foto <em>\u00a9<\/em>David Guitart<\/p>\n\n\n\n<p><\/p>\n<\/div>\n\n\n\n<div class=\"wp-container-5 wp-block-column\" style=\"flex-basis:66.66%\">\n<figure class=\"wp-block-image size-large\"><img loading=\"lazy\" width=\"1600\" height=\"1066\" src=\"https:\/\/elmiracle.cat\/wp-content\/uploads\/2020\/04\/Esglesia-Inacabada-David-Guitart_02.jpg\" alt=\"\" class=\"wp-image-652\" srcset=\"https:\/\/elmiracle.cat\/wp-content\/uploads\/2020\/04\/Esglesia-Inacabada-David-Guitart_02.jpg 1600w, https:\/\/elmiracle.cat\/wp-content\/uploads\/2020\/04\/Esglesia-Inacabada-David-Guitart_02-416x277.jpg 416w, https:\/\/elmiracle.cat\/wp-content\/uploads\/2020\/04\/Esglesia-Inacabada-David-Guitart_02-300x200.jpg 300w, https:\/\/elmiracle.cat\/wp-content\/uploads\/2020\/04\/Esglesia-Inacabada-David-Guitart_02-1024x682.jpg 1024w, https:\/\/elmiracle.cat\/wp-content\/uploads\/2020\/04\/Esglesia-Inacabada-David-Guitart_02-768x512.jpg 768w, https:\/\/elmiracle.cat\/wp-content\/uploads\/2020\/04\/Esglesia-Inacabada-David-Guitart_02-1536x1023.jpg 1536w\" sizes=\"(max-width: 1600px) 100vw, 1600px\" \/><\/figure>\n\n\n\n<p><\/p>\n<\/div>\n<\/div>\n\n\n\n<div class=\"wp-container-9 wp-block-columns col-1-2\">\n<div class=\"wp-container-7 wp-block-column col-1-2\" style=\"flex-basis:33.33%\"><\/div>\n\n\n\n<div class=\"wp-container-8 wp-block-column\" style=\"flex-basis:66.66%\">\n<h2>Nave de la iglesia y Retablo barroco<\/h2>\n\n\n\n<p>Destaca el magn\u00edfico retablo barroco, obra del <a href=\"https:\/\/ca.wikipedia.org\/wiki\/Carles_Morat%C3%B3_i_Brugaroles\" target=\"_blank\" rel=\"noreferrer noopener\">taller de Carles Morat\u00f3<\/a>, que acoge en su peque\u00f1o camar\u00edn la imagen g\u00f3tica que ya al inicio del santuario hab\u00eda sido colocada en la primitiva capilla: una talla del siglo XV de la Virgen Mar\u00eda con el ni\u00f1o Jes\u00fas en brazos que juega con un pajarito. \u00c9ste es uno de los tres retablos barrocos, originales y de grandes proporciones, que tenemos en nuestro pa\u00eds; los otros dos son <a href=\"http:\/\/www.visitcadaques.org\/?lang=cat&amp;sec=cultura\" target=\"_blank\" rel=\"noreferrer noopener\">el de Cadaqu\u00e9s<\/a> y <a href=\"https:\/\/arenysdemar.cat\/retaule\" target=\"_blank\" rel=\"noreferrer noopener\">el d\u2019Arenys<\/a>. Carles Morat\u00f3 recibi\u00f3 el encargo de la obra en 1747.<\/p>\n\n\n\n<p>Todo el conjunto est\u00e1 construido en madera de \u00e1lamo y pino, y fue dorado y policromado por <strong>Antoni Bordons<\/strong>, que acab\u00f3 la obra en 1774.<\/p>\n<\/div>\n<\/div>\n\n\n\n<div class=\"wp-container-12 wp-block-columns foto-1-2 peu\">\n<div class=\"wp-container-10 wp-block-column\" style=\"flex-basis:33.33%\">\n<p class=\"foto_peu\">El Retablo barroco es obra del taller de <strong>Carlos Morat\u00f3<\/strong>. Fue dorado y policromado por<strong> Antoni Bordons<\/strong>.<\/p>\n<\/div>\n\n\n\n<div class=\"wp-container-11 wp-block-column\" style=\"flex-basis:66.66%\">\n\n  <div class=\"rotatiu_container\"  >\n <div class=\"retaule\">\n    \n    <ul class=\"swiper-wrapper\">\n        \n      \n        \n  \n      <li class=\"swiper-slide\"> \n          <div class=\"content-slide\">\n          <figure><img src=\"https:\/\/elmiracle.cat\/wp-content\/uploads\/2020\/05\/Retaule_Barroc.jpg\"><\/figure>          \n                        <div class=\"detalls\">\n                                                          \n                  <p class=\"descripcio\">\u00a9OriolClavera. Ara Lleida<\/p>              <\/div>\n                        <\/div>\n        <\/li>\n\n  \n      <li class=\"swiper-slide\"> \n          <div class=\"content-slide\">\n          <figure><img src=\"https:\/\/elmiracle.cat\/wp-content\/uploads\/2020\/05\/Retaule_aparicio.jpg\"><\/figure>          \n                        <\/div>\n        <\/li>\n\n  \n      <li class=\"swiper-slide\"> \n          <div class=\"content-slide\">\n          <figure><img src=\"https:\/\/elmiracle.cat\/wp-content\/uploads\/2020\/05\/Retaule_detall.jpg\"><\/figure>          \n                        <div class=\"detalls\">\n                                                          \n                  <p class=\"descripcio\">\u00a9OriolClavera. Ara Lleida<\/p>              <\/div>\n                        <\/div>\n        <\/li>\n\n  \n      <li class=\"swiper-slide\"> \n          <div class=\"content-slide\">\n          <figure><img src=\"https:\/\/elmiracle.cat\/wp-content\/uploads\/2020\/05\/Retaule_Altar.jpg\"><\/figure>          \n                        <div class=\"detalls\">\n                                                          \n                  <p class=\"descripcio\">@Enric Rovira<\/p>              <\/div>\n                        <\/div>\n        <\/li>\n\n          <\/ul>\n     \n     \n      <div class=\"retaule-button-next swiper-button-next\"><\/div>\n    <div class=\"retaule-button-prev swiper-button-prev\"><\/div>\n      <div class=\"retaule-pagination\"><\/div>\n     <\/div>\n    <p class=\"arrow-down incrusted\"><a href=\"#botiga-home\">prev<\/a><\/p>    <\/div>\n <script>\n    var swiper = new Swiper('.retaule', {\n       navigation: {\n        nextEl: '.retaule .swiper-button-next',\n        prevEl: '.retaule .swiper-button-prev',\n      },\n        pagination: {\n        el: '.retaule-pagination',\n      },\n    });\n  <\/script><\/div>\n<\/div>\n\n\n\n<div class=\"wp-container-15 wp-block-columns col-1-2\">\n<div class=\"wp-container-13 wp-block-column col-1-2\" style=\"flex-basis:33.33%\"><\/div>\n\n\n\n<div class=\"wp-container-14 wp-block-column\" style=\"flex-basis:66.66%\">\n<h2>Retablo renacentista<\/h2>\n\n\n\n<p>Esta capilla, inicialmente del santo Cristo y hoy capilla del Sant\u00edsimo, contiene el retablo renacentista de la iglesia del siglo XVI, es decir, la anterior a la actual. Se atribuye al pintor portugu\u00e9s <a href=\"https:\/\/ca.wikipedia.org\/wiki\/Pere_Nunyes\" target=\"_blank\" rel=\"noreferrer noopener\">Pere Nunyes<\/a>, entonces afincado en Catalu\u00f1a.<\/p>\n\n\n\n<p>En nueve compartimentos se representan los principales misterios de la vida de Jes\u00fas y de su madre, Mar\u00eda.<\/p>\n<\/div>\n<\/div>\n\n\n\n<div class=\"wp-container-18 wp-block-columns foto-1-2 peu\">\n<div class=\"wp-container-16 wp-block-column\" style=\"flex-basis:33.33%\">\n<p class=\"foto_peu\">Retablo renacentista de la iglesia del s.XVI. Foto \u00a9Oriol Clavera. Ara Lleida<\/p>\n<\/div>\n\n\n\n<div class=\"wp-container-17 wp-block-column\" style=\"flex-basis:66.66%\">\n<figure class=\"wp-block-image size-large\"><img loading=\"lazy\" width=\"1200\" height=\"1800\" src=\"https:\/\/elmiracle.cat\/wp-content\/uploads\/2020\/05\/Retaule_Renaixentista.jpg\" alt=\"\" class=\"wp-image-796\" srcset=\"https:\/\/elmiracle.cat\/wp-content\/uploads\/2020\/05\/Retaule_Renaixentista.jpg 1200w, https:\/\/elmiracle.cat\/wp-content\/uploads\/2020\/05\/Retaule_Renaixentista-416x624.jpg 416w, https:\/\/elmiracle.cat\/wp-content\/uploads\/2020\/05\/Retaule_Renaixentista-200x300.jpg 200w, https:\/\/elmiracle.cat\/wp-content\/uploads\/2020\/05\/Retaule_Renaixentista-683x1024.jpg 683w, https:\/\/elmiracle.cat\/wp-content\/uploads\/2020\/05\/Retaule_Renaixentista-768x1152.jpg 768w, https:\/\/elmiracle.cat\/wp-content\/uploads\/2020\/05\/Retaule_Renaixentista-1024x1536.jpg 1024w\" sizes=\"(max-width: 1200px) 100vw, 1200px\" \/><\/figure>\n\n\n\n<p><\/p>\n<\/div>\n<\/div>\n\n\n\n<div class=\"wp-container-21 wp-block-columns col-1-2\">\n<div class=\"wp-container-19 wp-block-column col-1-2\" style=\"flex-basis:33.33%\"><\/div>\n\n\n\n<div class=\"wp-container-20 wp-block-column\" style=\"flex-basis:66.66%\">\n<h2>\u00d3rgano<\/h2>\n\n\n\n<p>Desde la nave puede verse muy bien, sobre la puerta lateral de acceso a la iglesia, el \u00f3rgano del siglo XVI, revestido de un armario barroco. Junto al retablo renacentista son las dos importantes obras que conservamos de la iglesia anterior. Es uno de los \u00f3rganos m\u00e1s antiguos de nuestro pa\u00eds en funcionamiento. El instrumento, del a\u00f1o 1593, dispone de siete registros, y fue construido en el taller del organero solsonense <a href=\"https:\/\/publicacions.iec.cat\/repository\/pdf\/00000253\/00000014.pdf\" target=\"_blank\" rel=\"noreferrer noopener\">Antoni Bordons<\/a>. Fue restaurado en el taller de Gerhard Grenzing a finales del siglo XX; actualmente forma parte del ciclo de conciertos de \u00f3rganos hist\u00f3ricos de Catalu\u00f1a.<\/p>\n<\/div>\n<\/div>\n\n\n\n<div class=\"wp-container-24 wp-block-columns foto-1-2 peu\">\n<div class=\"wp-container-22 wp-block-column\" style=\"flex-basis:33.33%\">\n<p class=\"foto_peu\">El \u00f3rgano, de 1953, fue construido en el taller del organero solsonense Antoni Bordons y es uno de los \u00f3rganos m\u00e1s antiguos de nuestro pa\u00eds en funcionamiento.<\/p>\n\n\n\n<p><\/p>\n<\/div>\n\n\n\n<div class=\"wp-container-23 wp-block-column\" style=\"flex-basis:66.66%\">\n\n  <div class=\"rotatiu_container\"  >\n <div class=\"orgue\">\n    \n    <ul class=\"swiper-wrapper\">\n        \n      \n        \n  \n      <li class=\"swiper-slide\"> \n          <div class=\"content-slide\">\n          <figure><img src=\"https:\/\/elmiracle.cat\/wp-content\/uploads\/2020\/05\/Orgue_Miracle.jpg\"><\/figure>          \n                        <\/div>\n        <\/li>\n\n  \n      <li class=\"swiper-slide\"> \n          <div class=\"content-slide\">\n          <figure><img src=\"https:\/\/elmiracle.cat\/wp-content\/uploads\/2020\/05\/Orgue_Miracle_detall.jpg\"><\/figure>          \n                        <\/div>\n        <\/li>\n\n  \n      <li class=\"swiper-slide\"> \n          <div class=\"content-slide\">\n          <figure><img src=\"https:\/\/elmiracle.cat\/wp-content\/uploads\/2020\/05\/Orgue_Miracle02.jpg\"><\/figure>          \n                        <\/div>\n        <\/li>\n\n          <\/ul>\n     \n     \n      <div class=\"orgue-button-next swiper-button-next\"><\/div>\n    <div class=\"orgue-button-prev swiper-button-prev\"><\/div>\n      <div class=\"orgue-pagination\"><\/div>\n     <\/div>\n    <p class=\"arrow-down incrusted\"><a href=\"#botiga-home\">prev<\/a><\/p>    <\/div>\n <script>\n    var swiper = new Swiper('.orgue', {\n       navigation: {\n        nextEl: '.orgue .swiper-button-next',\n        prevEl: '.orgue .swiper-button-prev',\n      },\n        pagination: {\n        el: '.orgue-pagination',\n      },\n    });\n  <\/script><\/div>\n<\/div>\n\n\n\n<div class=\"wp-container-27 wp-block-columns col-1-2\">\n<div class=\"wp-container-25 wp-block-column col-1-2\" style=\"flex-basis:33.33%\"><\/div>\n\n\n\n<div class=\"wp-container-26 wp-block-column\" style=\"flex-basis:66.66%\">\n<h2>Capilla de la Desaparici\u00f3n<\/h2>\n\n\n\n<p>Delante de la parte inacabada de la iglesia se inicia el camino que conduce a la llamada capilla de la Desaparici\u00f3n. Se trata de un centenar de metros y est\u00e1 flanqueado por unas pilastras en las que hay unas may\u00f3licas con los misterios del Rosario, obra del ceramista <a href=\"https:\/\/ca.wikipedia.org\/wiki\/Joan_Baptista_Guivernau_i_Sans\" target=\"_blank\" rel=\"noreferrer noopener\">Joan Guivernau<\/a>, quien tambi\u00e9n tiene mucha obra en Montserrat.<\/p>\n\n\n\n<p>Las actas que se levantaron sobre el hecho de la Aparici\u00f3n indican que la Virgen-ni\u00f1a se despidi\u00f3 de los dos ni\u00f1os y se march\u00f3 en direcci\u00f3n hacia Torredeneg\u00f3, es decir, hacia poniente. Para conmemorar este hecho se levant\u00f3, en 1548, una cruz en el bosque de Sant Joan, a escasos 200 metros de la Basadoria. Delante de esta cruz se edific\u00f3 en el a\u00f1o 1600 una capilla, dedicada a san Juan Bautista pero conocida popularmente como la capilla de la Desaparici\u00f3n. El mosaico de la capilla, de 1946, es dise\u00f1o de <a href=\"https:\/\/ca.wikipedia.org\/wiki\/Frederic_Mar%C3%A8s_i_Deulovol\" target=\"_blank\" rel=\"noreferrer noopener\">Frederic Mar\u00e8s<\/a>.<\/p>\n<\/div>\n<\/div>\n\n\n\n<div class=\"wp-container-30 wp-block-columns foto-1-2 peu\">\n<div class=\"wp-container-28 wp-block-column\" style=\"flex-basis:33.33%\">\n<pre class=\"wp-block-verse\">\"La Virgen-ni\u00f1a se despidi\u00f3 de los dos muchachos y se march\u00f3 en direcci\u00f3n hacia poniente. Para conmemorar este hecho se levant\u00f3, en 1548, una cruz a escasos 200 metros de la Basadoria.\"<\/pre>\n<\/div>\n\n\n\n<div class=\"wp-container-29 wp-block-column\" style=\"flex-basis:66.66%\">\n\n  <div class=\"rotatiu_container\"  >\n <div class=\"capella\">\n    \n    <ul class=\"swiper-wrapper\">\n        \n      \n        \n  \n      <li class=\"swiper-slide\"> \n          <div class=\"content-slide\">\n          <figure><img src=\"https:\/\/elmiracle.cat\/wp-content\/uploads\/2020\/05\/Capella-Desaparicio-e1689784036590.jpg\"><\/figure>          \n                        <\/div>\n        <\/li>\n\n  \n      <li class=\"swiper-slide\"> \n          <div class=\"content-slide\">\n          <figure><img src=\"https:\/\/elmiracle.cat\/wp-content\/uploads\/2023\/07\/Desaparicio_David-GuitartO.jpg\"><\/figure>          \n                        <div class=\"detalls\">\n                                                          \n                  <p class=\"descripcio\">\u00a9David Guitart<\/p>              <\/div>\n                        <\/div>\n        <\/li>\n\n  \n      <li class=\"swiper-slide\"> \n          <div class=\"content-slide\">\n          <figure><img src=\"https:\/\/elmiracle.cat\/wp-content\/uploads\/2023\/07\/Capella-Desaparicio_portaO.jpg\"><\/figure>          \n                        <\/div>\n        <\/li>\n\n  \n      <li class=\"swiper-slide\"> \n          <div class=\"content-slide\">\n          <figure><img src=\"https:\/\/elmiracle.cat\/wp-content\/uploads\/2020\/05\/Capella-Desaparicio_cami-e1689785280162.jpg\"><\/figure>          \n                        <div class=\"detalls\">\n                                                          \n                  <p class=\"descripcio\">\u00a9David Guitart<\/p>              <\/div>\n                        <\/div>\n        <\/li>\n\n          <\/ul>\n     \n     \n      <div class=\"capella-button-next swiper-button-next\"><\/div>\n    <div class=\"capella-button-prev swiper-button-prev\"><\/div>\n      <div class=\"capella-pagination\"><\/div>\n     <\/div>\n    <p class=\"arrow-down incrusted\"><a href=\"#botiga-home\">prev<\/a><\/p>    <\/div>\n <script>\n    var swiper = new Swiper('.capella', {\n       navigation: {\n        nextEl: '.capella .swiper-button-next',\n        prevEl: '.capella .swiper-button-prev',\n      },\n        pagination: {\n        el: '.capella-pagination',\n      },\n    });\n  <\/script><\/div>\n<\/div>\n","protected":false},"excerpt":{"rendered":"<p>Iglesia, parte inacabada En la parte trasera de la iglesia se encuentra la parte inacabada. Se conserva un peque\u00f1o resto de uno de los muros de la iglesia del siglo XVI, que hab\u00eda sustituido a la primitiva capilla. La construcci\u00f3n de este enorme edificio se inici\u00f3 en la segunda mitad del siglo XVII pero fue [&hellip;]<\/p>\n","protected":false},"author":2,"featured_media":2296,"parent":2648,"menu_order":0,"comment_status":"closed","ping_status":"closed","template":"section-page.php","meta":[],"acf":[],"yoast_head":"<!-- This site is optimized with the Yoast SEO plugin v19.8 - https:\/\/yoast.com\/wordpress\/plugins\/seo\/ -->\n<title>Iglesia - Santuari El Miracle<\/title>\n<meta name=\"robots\" content=\"index, follow, max-snippet:-1, max-image-preview:large, max-video-preview:-1\" \/>\n<link rel=\"canonical\" href=\"https:\/\/elmiracle.cat\/es\/el-santuario\/iglesia\/\" \/>\n<meta property=\"og:locale\" content=\"es_ES\" \/>\n<meta property=\"og:type\" content=\"article\" \/>\n<meta property=\"og:title\" content=\"Iglesia - Santuari El Miracle\" \/>\n<meta property=\"og:description\" content=\"Iglesia, parte inacabada En la parte trasera de la iglesia se encuentra la parte inacabada. Se conserva un peque\u00f1o resto de uno de los muros de la iglesia del siglo XVI, que hab\u00eda sustituido a la primitiva capilla. La construcci\u00f3n de este enorme edificio se inici\u00f3 en la segunda mitad del siglo XVII pero fue [&hellip;]\" \/>\n<meta property=\"og:url\" content=\"https:\/\/elmiracle.cat\/es\/el-santuario\/iglesia\/\" \/>\n<meta property=\"og:site_name\" content=\"Santuari El Miracle\" \/>\n<meta property=\"article:modified_time\" content=\"2023-07-28T09:00:51+00:00\" \/>\n<meta property=\"og:image\" content=\"https:\/\/elmiracle.cat\/wp-content\/uploads\/2020\/05\/Retaule_detall.jpg\" \/>\n\t<meta property=\"og:image:width\" content=\"1800\" \/>\n\t<meta property=\"og:image:height\" content=\"1177\" \/>\n\t<meta property=\"og:image:type\" content=\"image\/jpeg\" \/>\n<meta name=\"twitter:card\" content=\"summary_large_image\" \/>\n<meta name=\"twitter:label1\" content=\"Tiempo de lectura\" \/>\n\t<meta name=\"twitter:data1\" content=\"5 minutos\" \/>\n<script type=\"application\/ld+json\" class=\"yoast-schema-graph\">{\"@context\":\"https:\/\/schema.org\",\"@graph\":[{\"@type\":\"WebPage\",\"@id\":\"https:\/\/elmiracle.cat\/es\/el-santuario\/iglesia\/\",\"url\":\"https:\/\/elmiracle.cat\/es\/el-santuario\/iglesia\/\",\"name\":\"Iglesia - Santuari El Miracle\",\"isPartOf\":{\"@id\":\"https:\/\/elmiracle.cat\/#website\"},\"datePublished\":\"2022-10-24T16:24:21+00:00\",\"dateModified\":\"2023-07-28T09:00:51+00:00\",\"breadcrumb\":{\"@id\":\"https:\/\/elmiracle.cat\/es\/el-santuario\/iglesia\/#breadcrumb\"},\"inLanguage\":\"es\",\"potentialAction\":[{\"@type\":\"ReadAction\",\"target\":[\"https:\/\/elmiracle.cat\/es\/el-santuario\/iglesia\/\"]}]},{\"@type\":\"BreadcrumbList\",\"@id\":\"https:\/\/elmiracle.cat\/es\/el-santuario\/iglesia\/#breadcrumb\",\"itemListElement\":[{\"@type\":\"ListItem\",\"position\":1,\"name\":\"El Santuario\",\"item\":\"https:\/\/elmiracle.cat\/es\/el-santuario\/\"},{\"@type\":\"ListItem\",\"position\":2,\"name\":\"Iglesia\"}]},{\"@type\":\"WebSite\",\"@id\":\"https:\/\/elmiracle.cat\/#website\",\"url\":\"https:\/\/elmiracle.cat\/\",\"name\":\"Santuari El Miracle\",\"description\":\"Santuari El Miracle\",\"potentialAction\":[{\"@type\":\"SearchAction\",\"target\":{\"@type\":\"EntryPoint\",\"urlTemplate\":\"https:\/\/elmiracle.cat\/?s={search_term_string}\"},\"query-input\":\"required name=search_term_string\"}],\"inLanguage\":\"es\"}]}<\/script>\n<!-- \/ Yoast SEO plugin. -->","yoast_head_json":{"title":"Iglesia - Santuari El Miracle","robots":{"index":"index","follow":"follow","max-snippet":"max-snippet:-1","max-image-preview":"max-image-preview:large","max-video-preview":"max-video-preview:-1"},"canonical":"https:\/\/elmiracle.cat\/es\/el-santuario\/iglesia\/","og_locale":"es_ES","og_type":"article","og_title":"Iglesia - Santuari El Miracle","og_description":"Iglesia, parte inacabada En la parte trasera de la iglesia se encuentra la parte inacabada. Se conserva un peque\u00f1o resto de uno de los muros de la iglesia del siglo XVI, que hab\u00eda sustituido a la primitiva capilla. La construcci\u00f3n de este enorme edificio se inici\u00f3 en la segunda mitad del siglo XVII pero fue [&hellip;]","og_url":"https:\/\/elmiracle.cat\/es\/el-santuario\/iglesia\/","og_site_name":"Santuari El Miracle","article_modified_time":"2023-07-28T09:00:51+00:00","og_image":[{"width":1800,"height":1177,"url":"https:\/\/elmiracle.cat\/wp-content\/uploads\/2020\/05\/Retaule_detall.jpg","type":"image\/jpeg"}],"twitter_card":"summary_large_image","twitter_misc":{"Tiempo de lectura":"5 minutos"},"schema":{"@context":"https:\/\/schema.org","@graph":[{"@type":"WebPage","@id":"https:\/\/elmiracle.cat\/es\/el-santuario\/iglesia\/","url":"https:\/\/elmiracle.cat\/es\/el-santuario\/iglesia\/","name":"Iglesia - Santuari El Miracle","isPartOf":{"@id":"https:\/\/elmiracle.cat\/#website"},"datePublished":"2022-10-24T16:24:21+00:00","dateModified":"2023-07-28T09:00:51+00:00","breadcrumb":{"@id":"https:\/\/elmiracle.cat\/es\/el-santuario\/iglesia\/#breadcrumb"},"inLanguage":"es","potentialAction":[{"@type":"ReadAction","target":["https:\/\/elmiracle.cat\/es\/el-santuario\/iglesia\/"]}]},{"@type":"BreadcrumbList","@id":"https:\/\/elmiracle.cat\/es\/el-santuario\/iglesia\/#breadcrumb","itemListElement":[{"@type":"ListItem","position":1,"name":"El Santuario","item":"https:\/\/elmiracle.cat\/es\/el-santuario\/"},{"@type":"ListItem","position":2,"name":"Iglesia"}]},{"@type":"WebSite","@id":"https:\/\/elmiracle.cat\/#website","url":"https:\/\/elmiracle.cat\/","name":"Santuari El Miracle","description":"Santuari El Miracle","potentialAction":[{"@type":"SearchAction","target":{"@type":"EntryPoint","urlTemplate":"https:\/\/elmiracle.cat\/?s={search_term_string}"},"query-input":"required name=search_term_string"}],"inLanguage":"es"}]}},"_links":{"self":[{"href":"https:\/\/elmiracle.cat\/es\/wp-json\/wp\/v2\/pages\/2650"}],"collection":[{"href":"https:\/\/elmiracle.cat\/es\/wp-json\/wp\/v2\/pages"}],"about":[{"href":"https:\/\/elmiracle.cat\/es\/wp-json\/wp\/v2\/types\/page"}],"author":[{"embeddable":true,"href":"https:\/\/elmiracle.cat\/es\/wp-json\/wp\/v2\/users\/2"}],"replies":[{"embeddable":true,"href":"https:\/\/elmiracle.cat\/es\/wp-json\/wp\/v2\/comments?post=2650"}],"version-history":[{"count":0,"href":"https:\/\/elmiracle.cat\/es\/wp-json\/wp\/v2\/pages\/2650\/revisions"}],"up":[{"embeddable":true,"href":"https:\/\/elmiracle.cat\/es\/wp-json\/wp\/v2\/pages\/2648"}],"wp:featuredmedia":[{"embeddable":true,"href":"https:\/\/elmiracle.cat\/es\/wp-json\/wp\/v2\/media\/2296"}],"wp:attachment":[{"href":"https:\/\/elmiracle.cat\/es\/wp-json\/wp\/v2\/media?parent=2650"}],"curies":[{"name":"wp","href":"https:\/\/api.w.org\/{rel}","templated":true}]}}