
{"id":1859,"date":"2020-03-25T16:35:14","date_gmt":"2020-03-25T15:35:14","guid":{"rendered":"https:\/\/elmiracle.cat\/allotjament\/"},"modified":"2023-10-16T15:32:58","modified_gmt":"2023-10-16T15:32:58","slug":"alojamiento","status":"publish","type":"page","link":"https:\/\/elmiracle.cat\/es\/alojamiento\/","title":{"rendered":"Alojamiento"},"content":{"rendered":"\n<hr class=\"wp-block-separator has-css-opacity\"\/>\n\n\n\n<div class=\"wp-container-3 wp-block-columns col-1-2\">\n<div class=\"wp-container-1 wp-block-column col-1-2\" style=\"flex-basis:33%\">\n<pre class=\"wp-block-verse\">\"La localizaci\u00f3n, la calma, el entorno, el trato, la limpieza\u2026 Ideal para realizar una estancia de relax y de recogimiento.\"\n<strong>Jordi, Booking<\/strong><\/pre>\n<\/div>\n\n\n\n<div class=\"wp-container-2 wp-block-column\" style=\"flex-basis:50%\">\n<p>\u00bfNecesitas huir del ruido de la ciudad? \u00bfBuscas un espacio para estar con la familia? \u00bfQuieres disfrutar de unos d\u00edas de actividades en la naturaleza? \u00bfTienes ganas de descubrir la comarca de las mil mas\u00edas? \u00bfO simplemente est\u00e1s pensando en un lugar tranquilo donde poder concentrarte?<\/p>\n\n\n\n<p>\u00a1Los apartamentos del Santuario del Miracle son un muy buen lugar! Rodeados de silencio, rodeados de naturaleza y paisaje, con todos los servicios necesarios y con una ubicaci\u00f3n perfecta, aqu\u00ed encontrar\u00e1s lo que est\u00e1s buscando.<\/p>\n\n\n\n<p>Imag\u00ednate por un momento salir del apartamento y poder contemplar en el horizonte buena parte del Pre pirineo con el Port del Comte, el Pedraforca, el Cad\u00ed, la Sierra del Verde\u2026 Y disfrutar de los cambios de estaci\u00f3n con las neblinas misteriosas en invierno, las espigas de los campos verdes y doradas ondeando en primavera, las balas de paja en verano y el olor de la tierra tan presente en oto\u00f1o.<\/p>\n\n\n\n<p>Tenemos a disposici\u00f3n 15 apartamentos en dos edificios, el de Nostra Senyora y el de Sant Benet, edificados durante el primer tercio del s. XX y ahora debidamente restaurados. Se encuentran a pocos metros del n\u00facleo del Santuario.<\/p>\n<\/div>\n<\/div>\n\n\n\n<hr class=\"wp-block-separator has-css-opacity\"\/>\n\n\n\n<div class=\"wp-container-5 wp-block-columns\">\n<div class=\"wp-container-4 wp-block-column\" style=\"flex-basis:100%\">\n<h2>Escoge tu alojamiento<\/h2>\n<\/div>\n<\/div>\n\n\n\n<div class=\"wp-container-10 wp-block-columns alignwide\">\n<div class=\"wp-container-6 wp-block-column\" style=\"flex-basis:50%\">\n<figure class=\"wp-block-image size-large col3\"><img loading=\"lazy\" width=\"1024\" height=\"653\" src=\"https:\/\/elmiracle.cat\/wp-content\/uploads\/2020\/03\/celes-sant-benet-1024x653.jpg\" alt=\"\" class=\"wp-image-206\" srcset=\"https:\/\/elmiracle.cat\/wp-content\/uploads\/2020\/03\/celes-sant-benet-1024x653.jpg 1024w, https:\/\/elmiracle.cat\/wp-content\/uploads\/2020\/03\/celes-sant-benet-416x265.jpg 416w, https:\/\/elmiracle.cat\/wp-content\/uploads\/2020\/03\/celes-sant-benet-300x191.jpg 300w, https:\/\/elmiracle.cat\/wp-content\/uploads\/2020\/03\/celes-sant-benet-768x490.jpg 768w, https:\/\/elmiracle.cat\/wp-content\/uploads\/2020\/03\/celes-sant-benet.jpg 1150w\" sizes=\"(max-width: 1024px) 100vw, 1024px\" \/><\/figure>\n\n\n\n<h3><a href=\"https:\/\/elmiracle.cat\/es\/alojamiento\/edificio-sant-benet\/\">Edificio Sant Benet<\/a><\/h3>\n\n\n\n<p>En los apartamentos de Sant Benet te sentir\u00e1s como en casa con unas vistas inmejorables al Santuario del Miracle. Son ideales para parejas o familias con ni\u00f1os.<\/p>\n<\/div>\n\n\n\n<div class=\"wp-container-7 wp-block-column\"><\/div>\n\n\n\n<div class=\"wp-container-8 wp-block-column\"><\/div>\n\n\n\n<div class=\"wp-container-9 wp-block-column\" style=\"flex-basis:50%\">\n<figure class=\"wp-block-image size-large\"><img loading=\"lazy\" width=\"1024\" height=\"652\" src=\"https:\/\/elmiracle.cat\/wp-content\/uploads\/2020\/06\/Apartaments02-1024x652.jpg\" alt=\"\" class=\"wp-image-1544\" srcset=\"https:\/\/elmiracle.cat\/wp-content\/uploads\/2020\/06\/Apartaments02-1024x652.jpg 1024w, https:\/\/elmiracle.cat\/wp-content\/uploads\/2020\/06\/Apartaments02-416x265.jpg 416w, https:\/\/elmiracle.cat\/wp-content\/uploads\/2020\/06\/Apartaments02-300x191.jpg 300w, https:\/\/elmiracle.cat\/wp-content\/uploads\/2020\/06\/Apartaments02-768x489.jpg 768w, https:\/\/elmiracle.cat\/wp-content\/uploads\/2020\/06\/Apartaments02-1536x978.jpg 1536w, https:\/\/elmiracle.cat\/wp-content\/uploads\/2020\/06\/Apartaments02.jpg 2000w\" sizes=\"(max-width: 1024px) 100vw, 1024px\" \/><\/figure>\n\n\n\n<h3><a href=\"https:\/\/elmiracle.cat\/es\/alojamiento\/edificio-nuestra-senora\/\">Edificio Nuestra Se\u00f1ora<\/a><\/h3>\n\n\n\n<p>Apartamentos espaciosos, luminosos, confortables, bien equipados y rodeados de naturaleza: 12 apartamentos con capacidad para alojar entre 1 y 5 personas.<\/p>\n<\/div>\n<\/div>\n","protected":false},"excerpt":{"rendered":"<p>\u00abLa localizaci\u00f3n, la calma, el entorno, el trato, la limpieza\u2026 Ideal para realizar una estancia de relax y de recogimiento.\u00bb Jordi, Booking \u00bfNecesitas huir del ruido de la ciudad? \u00bfBuscas un espacio para estar con la familia? \u00bfQuieres disfrutar de unos d\u00edas de actividades en la naturaleza? \u00bfTienes ganas de descubrir la comarca de las [&hellip;]<\/p>\n","protected":false},"author":1,"featured_media":1762,"parent":0,"menu_order":0,"comment_status":"closed","ping_status":"closed","template":"section-page.php","meta":[],"acf":[],"yoast_head":"<!-- This site is optimized with the Yoast SEO plugin v19.8 - https:\/\/yoast.com\/wordpress\/plugins\/seo\/ -->\n<title>Alojamiento - Santuari El Miracle<\/title>\n<meta name=\"robots\" content=\"index, follow, max-snippet:-1, max-image-preview:large, max-video-preview:-1\" \/>\n<link rel=\"canonical\" href=\"https:\/\/elmiracle.cat\/es\/alojamiento\/\" \/>\n<meta property=\"og:locale\" content=\"es_ES\" \/>\n<meta property=\"og:type\" content=\"article\" \/>\n<meta property=\"og:title\" content=\"Alojamiento - Santuari El Miracle\" \/>\n<meta property=\"og:description\" content=\"&quot;La localizaci\u00f3n, la calma, el entorno, el trato, la limpieza\u2026 Ideal para realizar una estancia de relax y de recogimiento.&quot; Jordi, Booking \u00bfNecesitas huir del ruido de la ciudad? \u00bfBuscas un espacio para estar con la familia? \u00bfQuieres disfrutar de unos d\u00edas de actividades en la naturaleza? \u00bfTienes ganas de descubrir la comarca de las [&hellip;]\" \/>\n<meta property=\"og:url\" content=\"https:\/\/elmiracle.cat\/es\/alojamiento\/\" \/>\n<meta property=\"og:site_name\" content=\"Santuari El Miracle\" \/>\n<meta property=\"article:modified_time\" content=\"2023-10-16T15:32:58+00:00\" \/>\n<meta property=\"og:image\" content=\"https:\/\/elmiracle.cat\/wp-content\/uploads\/2020\/07\/AllotjamentNOSTRA-SENYORA.jpg\" \/>\n\t<meta property=\"og:image:width\" content=\"2000\" \/>\n\t<meta property=\"og:image:height\" content=\"1333\" \/>\n\t<meta property=\"og:image:type\" content=\"image\/jpeg\" \/>\n<meta name=\"twitter:card\" content=\"summary_large_image\" \/>\n<meta name=\"twitter:label1\" content=\"Tiempo de lectura\" \/>\n\t<meta name=\"twitter:data1\" content=\"2 minutos\" \/>\n<script type=\"application\/ld+json\" class=\"yoast-schema-graph\">{\"@context\":\"https:\/\/schema.org\",\"@graph\":[{\"@type\":\"WebPage\",\"@id\":\"https:\/\/elmiracle.cat\/es\/alojamiento\/\",\"url\":\"https:\/\/elmiracle.cat\/es\/alojamiento\/\",\"name\":\"Alojamiento - Santuari El Miracle\",\"isPartOf\":{\"@id\":\"https:\/\/elmiracle.cat\/#website\"},\"datePublished\":\"2020-03-25T15:35:14+00:00\",\"dateModified\":\"2023-10-16T15:32:58+00:00\",\"inLanguage\":\"es\",\"potentialAction\":[{\"@type\":\"ReadAction\",\"target\":[\"https:\/\/elmiracle.cat\/es\/alojamiento\/\"]}]},{\"@type\":\"WebSite\",\"@id\":\"https:\/\/elmiracle.cat\/#website\",\"url\":\"https:\/\/elmiracle.cat\/\",\"name\":\"Santuari El Miracle\",\"description\":\"Santuari El Miracle\",\"potentialAction\":[{\"@type\":\"SearchAction\",\"target\":{\"@type\":\"EntryPoint\",\"urlTemplate\":\"https:\/\/elmiracle.cat\/?s={search_term_string}\"},\"query-input\":\"required name=search_term_string\"}],\"inLanguage\":\"es\"}]}<\/script>\n<!-- \/ Yoast SEO plugin. -->","yoast_head_json":{"title":"Alojamiento - Santuari El Miracle","robots":{"index":"index","follow":"follow","max-snippet":"max-snippet:-1","max-image-preview":"max-image-preview:large","max-video-preview":"max-video-preview:-1"},"canonical":"https:\/\/elmiracle.cat\/es\/alojamiento\/","og_locale":"es_ES","og_type":"article","og_title":"Alojamiento - Santuari El Miracle","og_description":"\"La localizaci\u00f3n, la calma, el entorno, el trato, la limpieza\u2026 Ideal para realizar una estancia de relax y de recogimiento.\" Jordi, Booking \u00bfNecesitas huir del ruido de la ciudad? \u00bfBuscas un espacio para estar con la familia? \u00bfQuieres disfrutar de unos d\u00edas de actividades en la naturaleza? \u00bfTienes ganas de descubrir la comarca de las [&hellip;]","og_url":"https:\/\/elmiracle.cat\/es\/alojamiento\/","og_site_name":"Santuari El Miracle","article_modified_time":"2023-10-16T15:32:58+00:00","og_image":[{"width":2000,"height":1333,"url":"https:\/\/elmiracle.cat\/wp-content\/uploads\/2020\/07\/AllotjamentNOSTRA-SENYORA.jpg","type":"image\/jpeg"}],"twitter_card":"summary_large_image","twitter_misc":{"Tiempo de lectura":"2 minutos"},"schema":{"@context":"https:\/\/schema.org","@graph":[{"@type":"WebPage","@id":"https:\/\/elmiracle.cat\/es\/alojamiento\/","url":"https:\/\/elmiracle.cat\/es\/alojamiento\/","name":"Alojamiento - Santuari El Miracle","isPartOf":{"@id":"https:\/\/elmiracle.cat\/#website"},"datePublished":"2020-03-25T15:35:14+00:00","dateModified":"2023-10-16T15:32:58+00:00","inLanguage":"es","potentialAction":[{"@type":"ReadAction","target":["https:\/\/elmiracle.cat\/es\/alojamiento\/"]}]},{"@type":"WebSite","@id":"https:\/\/elmiracle.cat\/#website","url":"https:\/\/elmiracle.cat\/","name":"Santuari El Miracle","description":"Santuari El Miracle","potentialAction":[{"@type":"SearchAction","target":{"@type":"EntryPoint","urlTemplate":"https:\/\/elmiracle.cat\/?s={search_term_string}"},"query-input":"required name=search_term_string"}],"inLanguage":"es"}]}},"_links":{"self":[{"href":"https:\/\/elmiracle.cat\/es\/wp-json\/wp\/v2\/pages\/1859"}],"collection":[{"href":"https:\/\/elmiracle.cat\/es\/wp-json\/wp\/v2\/pages"}],"about":[{"href":"https:\/\/elmiracle.cat\/es\/wp-json\/wp\/v2\/types\/page"}],"author":[{"embeddable":true,"href":"https:\/\/elmiracle.cat\/es\/wp-json\/wp\/v2\/users\/1"}],"replies":[{"embeddable":true,"href":"https:\/\/elmiracle.cat\/es\/wp-json\/wp\/v2\/comments?post=1859"}],"version-history":[{"count":0,"href":"https:\/\/elmiracle.cat\/es\/wp-json\/wp\/v2\/pages\/1859\/revisions"}],"wp:featuredmedia":[{"embeddable":true,"href":"https:\/\/elmiracle.cat\/es\/wp-json\/wp\/v2\/media\/1762"}],"wp:attachment":[{"href":"https:\/\/elmiracle.cat\/es\/wp-json\/wp\/v2\/media?parent=1859"}],"curies":[{"name":"wp","href":"https:\/\/api.w.org\/{rel}","templated":true}]}}